{"id":50364,"date":"2021-06-07T09:52:08","date_gmt":"2021-06-07T07:52:08","guid":{"rendered":"https:\/\/synagoge-siegen.de\/?page_id=50364"},"modified":"2021-11-27T15:13:06","modified_gmt":"2021-11-27T14:13:06","slug":"die-virtuelle-rekonstruktion-der-siegener-synagoge","status":"publish","type":"page","link":"https:\/\/synagoge-siegen.de\/de\/die-virtuelle-rekonstruktion-der-siegener-synagoge","title":{"rendered":"Die virtuelle Rekonstruktion der Siegener Synagoge"},"content":{"rendered":"<p>[et_pb_section fb_built=\u201e1\u201c module_id=\u201einfo\u201c _builder_version=\u201e4.9.4\u201c _module_preset=\u201edefault\u201c background_color=\u201e#99b2b7\u201c global_colors_info=\u201c{}\u201c][et_pb_row _builder_version=\u201e4.9.4\u201c _module_preset=\u201edefault\u201c global_colors_info=\u201c{}\u201c][et_pb_column type=\u201e4_4\u201c _builder_version=\u201e4.9.4\u201c _module_preset=\u201edefault\u201c global_colors_info=\u201c{}\u201c][et_pb_image src=\u201ehttps:\/\/synagoge-siegen.de\/wp-content\/uploads\/2021\/05\/Window.svg\u201c title_text=\u201eWindow\u201c admin_label=\u201eIcon Synagoge Siegen\u201c _builder_version=\u201e4.9.4\u201c _module_preset=\u201edefault\u201c width=\u201e15vw\u201c width_tablet=\u201c\u201c width_phone=\u201e20vw\u201c width_last_edited=\u201eon|phone\u201c module_alignment=\u201ecenter\u201c global_colors_info=\u201c{}\u201c][\/et_pb_image][et_pb_text _builder_version=\u201e4.9.4\u201c _module_preset=\u201edefault\u201c text_font=\u201c||||||||\u201c text_text_color=\u201c#FFFFFF\u201c header_font=\u201c|700||on|||||\u201c header_text_align=\u201ecenter\u201c header_letter_spacing=\u201e1px\u201c header_line_height=\u201e1.3em\u201c header_3_font=\u201c|300|||||||\u201c header_4_font=\u201c|300|||||||\u201c background_layout=\u201edark\u201c header_font_size_tablet=\u201c\u201c header_font_size_phone=\u201e24px\u201c header_font_size_last_edited=\u201eon|phone\u201c global_colors_info=\u201c{}\u201c]<\/p>\n<h1>Die virtuelle Rekonstruktion der Siegener&nbsp;Synagoge<\/h1>\n<p>[\/et_pb_text][\/et_pb_column][\/et_pb_row][\/et_pb_section][et_pb_section fb_built=\u201e1\u201c _builder_version=\u201e4.9.4\u201c _module_preset=\u201edefault\u201c background_color=\u201e#f2f2f2\u201c global_colors_info=\u201c{}\u201c][et_pb_row _builder_version=\u201e4.9.4\u201c _module_preset=\u201edefault\u201c global_colors_info=\u201c{}\u201c][et_pb_column type=\u201e4_4\u201c _builder_version=\u201e4.9.4\u201c _module_preset=\u201edefault\u201c global_colors_info=\u201c{}\u201c][et_pb_image src=\u201ehttps:\/\/synagoge-siegen.de\/wp-content\/uploads\/Rekonstruktion-Siegen.jpg\u201c title_text=\u201eRekonstruktion-Siegen\u201c _builder_version=\u201e4.9.4\u201c _module_preset=\u201edefault\u201c global_colors_info=\u201c{}\u201c][\/et_pb_image][et_pb_text admin_label=\u201eBildunterschrift\u201c _builder_version=\u201e4.9.4\u201c _module_preset=\u201edefault\u201c text_font=\u201c|300|||||||\u201c header_text_align=\u201eleft\u201c header_6_font=\u201c||||||||\u201c header_6_text_align=\u201eleft\u201c header_6_text_color=\u201e#000000\u201c header_6_font_size=\u201e0.7em\u201c header_6_letter_spacing=\u201e1px\u201c header_6_line_height=\u201e1.3em\u201c header_6_font_size_tablet=\u201c\u201c header_6_font_size_phone=\u201e10pt\u201c header_6_font_size_last_edited=\u201eon|phone\u201c global_colors_info=\u201c{}\u201c]<\/p>\n<h6>Stein f\u00fcr Stein wird die Siegener Synagoge am Computer wieder zusammengef\u00fcgt.<\/h6>\n<p>[\/et_pb_text][\/et_pb_column][\/et_pb_row][et_pb_row _builder_version=\u201e4.9.4\u201c _module_preset=\u201edefault\u201c global_colors_info=\u201c{}\u201c][et_pb_column type=\u201e4_4\u201c _builder_version=\u201e4.9.4\u201c _module_preset=\u201edefault\u201c global_colors_info=\u201c{}\u201c][et_pb_text _builder_version=\u201e4.9.4\u201c _module_preset=\u201edefault\u201c text_font=\u201c|300|||||||\u201c text_text_color=\u201e#134063\u201c text_line_height=\u201e1.4em\u201c background_enable_color=\u201eoff\u201c text_font_size_tablet=\u201c\u201c text_font_size_phone=\u201e16px\u201c text_font_size_last_edited=\u201eon|phone\u201c global_colors_info=\u201c{}\u201c]<\/p>\n<div>Die zwei- und drei\u00addi\u00admen\u00adsio\u00adnale Video-Animation f\u00fcgt auf der Basis von histo\u00adri\u00adschen Foto\u00adgra\u00adfien aus dem Bestand des Aktiven Museum S\u00fcdwest\u00adfalen, der Berli\u00adni\u00adschen Galerie und des Sieger\u00adl\u00e4nder Heimat- und Geschichts\u00adver\u00adeins die Tr\u00fcmmer der Siegener Synagoge zusammen.<strong> Am Ende der Instal\u00adla\u00adtion erscheint das Geb\u00e4ude wieder so vor Augen der Zuschauer, wie es vor seiner Zerst\u00f6\u00adrung von 1904 bis 1938 zu sehen war.<\/strong> Es wird an die Wand des Hoch\u00adbunkers proji\u00adziert, der 1941 auf dem Grund\u00adst\u00fcck der Synagoge errichtet wurde. Zu den eindr\u00fcck\u00adli\u00adchen Bildern erklingen histo\u00adri\u00adsche und moderne Aufnahmen von synago\u00adgalen Ges\u00e4ngen.<\/div>\n<p>[\/et_pb_text][\/et_pb_column][\/et_pb_row][et_pb_row column_structure=\u201e1_3,2_3\u201c _builder_version=\u201e4.9.4\u201c _module_preset=\u201edefault\u201c global_colors_info=\u201c{}\u201c][et_pb_column type=\u201e1_3\u201c _builder_version=\u201e4.9.4\u201c _module_preset=\u201edefault\u201c global_colors_info=\u201c{}\u201c][et_pb_image src=\u201ehttps:\/\/synagoge-siegen.de\/wp-content\/uploads\/Synagoge-Warschau-Libe.jpg\u201c title_text=\u201eSynagoge-Warschau\u2014Libe\u201c _builder_version=\u201e4.9.4\u201c _module_preset=\u201edefault\u201c max_width=\u201e25vw\u201c custom_margin=\u201c||0.5em||false|false\u201c global_colors_info=\u201c{}\u201c][\/et_pb_image][et_pb_text admin_label=\u201eBildunterschrift\u201c _builder_version=\u201e4.9.4\u201c _module_preset=\u201edefault\u201c text_font=\u201c|300|||||||\u201c header_text_align=\u201eleft\u201c header_6_font=\u201c||||||||\u201c header_6_text_align=\u201eleft\u201c header_6_text_color=\u201e#000000\u201c header_6_font_size=\u201e0.7em\u201c header_6_letter_spacing=\u201e1px\u201c header_6_line_height=\u201e1.3em\u201c header_6_font_size_tablet=\u201c\u201c header_6_font_size_phone=\u201e10pt\u201c header_6_font_size_last_edited=\u201eon|phone\u201c global_colors_info=\u201c{}\u201c]<\/p>\n<h6>Wie in Warschau soll auch in Siegen in jiddischer Sprache, also mit hebr\u00e4ischen Buchstaben, das Wort \u201eLiebe\u201c aufleuchten.<\/h6>\n<p>[\/et_pb_text][\/et_pb_column][et_pb_column type=\u201e2_3\u201c _builder_version=\u201e4.9.4\u201c _module_preset=\u201edefault\u201c global_colors_info=\u201c{}\u201c][et_pb_text _builder_version=\u201e4.9.7\u201c _module_preset=\u201edefault\u201c text_font=\u201c|300|||||||\u201c text_text_color=\u201e#134063\u201c text_line_height=\u201e1.4em\u201c background_enable_color=\u201eoff\u201c custom_padding=\u201e1px|||||\u201c text_font_size_tablet=\u201c\u201c text_font_size_phone=\u201e16px\u201c text_font_size_last_edited=\u201eon|phone\u201c global_colors_info=\u201c{}\u201c]<\/p>\n<div>Die Premiere der <strong>ersten virtu\u00adellen Rekon\u00adstruk\u00adtion einer Synagoge in Deutsch\u00adland<\/strong> soll stell\u00adver\u00adtre\u00adtend die \u00fcber 1400 Synagogen und Beth\u00e4u\u00adsern ins Ged\u00e4chtnis rufen, die in der soge\u00adnannten Reichs\u00adkris\u00adtall\u00adnacht im November 1938 zerst\u00f6rt wurden. Das einzig\u00adar\u00adtige Ereignis wird in den Zuschauern vor Ort und weltweit (Live-\u00dcber\u00adtra\u00adgung im Internet) viel\u00adf\u00e4l\u00adtige Emotionen erwecken \u2013 die virtuelle Rekon\u00adstruk\u00adtion der Siegener Synagoge erreicht <strong>nicht nur die K\u00f6pfe, sondern auch die Herzen und Seelen.<\/strong> F\u00fcr manche Zuschauer wird das Ereignis die erste Begegnung mit der j\u00fcdischen Kultur und dem Judentum \u00fcberhaupt sein.<br>\n&nbsp;\n<\/div>\n<p>[\/et_pb_text][et_pb_button button_url=\u201c@ET-DC@eyJkeW5hbWljIjp0cnVlLCJjb250ZW50IjoicG9zdF9saW5rX3VybF9wYWdlIiwic2V0dGluZ3MiOnsicG9zdF9pZCI6IjUwNDA3In19@\u201c button_text=\u201eDie virtuelle Rekon\u00adstruk\u00adtion der Gro\u00dfen Synagoge Warschau\u201c _builder_version=\u201e4.9.4\u201c _dynamic_attributes=\u201ebutton_url\u201c _module_preset=\u201edefault\u201c global_colors_info=\u201c{}\u201c][\/et_pb_button][et_pb_text _builder_version=\u201e4.10.5\u201c _module_preset=\u201edefault\u201c text_font=\u201c|300|||||||\u201c text_text_color=\u201e#134063\u201c text_line_height=\u201e1.4em\u201c background_enable_color=\u201eoff\u201c text_font_size_tablet=\u201c\u201c text_font_size_phone=\u201e16px\u201c text_font_size_last_edited=\u201eon|phone\u201c global_colors_info=\u201c{}\u201c]<\/p>\n<p>Die Multi\u00admedia-Instal\u00adla\u00adtion mit der virtu\u00adellen Rekon\u00adstruk\u00adtion der Siegener Synagoge ist also nicht allein dem Erinnern an etwas Vergan\u00adgenes gewidmet, sondern zugleich auf die Gegenwart und Zukunft bezogen \u2013 gem\u00e4\u00df Alt-Bundes\u00adkanzler Helmut Schmidt, der einmal gesagt hat, statt von der \u201eGegenwart der Vergan\u00adgen\u00adheit\u201c zu sprechen solle man lieber von der \u201eZukunft der Vergan\u00adgen\u00adheit\u201c reden. In diesem Sinne ist auch das Siegener Projekt in die Zukunft gerichtet.<\/p>\n<p>Die an der virtu\u00adellen Rekon\u00adstruk\u00adtion der Siegener Synagoge betei\u00adligten K\u00fcnst\u00adle\u00adrinnen und K\u00fcnstler stehen mit ihrer Kunst und mit ihrem Leben daf\u00fcr, dass ein solches Mitein\u00adander m\u00f6glich ist: Das Projekt ist eine deutsch-polnisch-unga\u00adri\u00adsche und zugleich j\u00fcdisch-christ\u00adliche Co-Produktion.<\/p>\n<p>[\/et_pb_text][et_pb_button button_url=\u201c@ET-DC@eyJkeW5hbWljIjp0cnVlLCJjb250ZW50IjoicG9zdF9saW5rX3VybF9wYWdlIiwic2V0dGluZ3MiOnsicG9zdF9pZCI6IjUwNDQyIn19@\u201c button_text=\u201eBeteiligte K\u00fcnst\u00adle\u00adrinnen und K\u00fcnstler\u201c _builder_version=\u201e4.9.4\u201c _dynamic_attributes=\u201ebutton_url\u201c _module_preset=\u201edefault\u201c global_colors_info=\u201c{}\u201c][\/et_pb_button][et_pb_text admin_label=\u201eText\u201c _builder_version=\u201e4.9.4\u201c _module_preset=\u201edefault\u201c text_font=\u201c|300|||||||\u201c text_text_color=\u201e#134063\u201c text_line_height=\u201e1.4em\u201c background_enable_color=\u201eoff\u201c text_font_size_tablet=\u201c\u201c text_font_size_phone=\u201e16px\u201c text_font_size_last_edited=\u201eon|phone\u201c global_colors_info=\u201c{}\u201c]<\/p>\n<div>\n<p>Die K\u00fcnstler stammen aus L\u00e4ndern, in denen wie in Ungarn und Polen natio\u00adna\u00adlis\u00adtisch-auto\u00adkra\u00adti\u00adsche Regie\u00adrungen die Demo\u00adkratie in auto\u00adri\u00adt\u00e4re Staats\u00adformen umwandeln und in denen \u2013 wie auch in Deutsch\u00adland \u2013 der Anti\u00adse\u00admi\u00adtismus in alle Bev\u00f6l\u00adke\u00adrungs\u00adschichten eindringt. Das Projekt ist also auch als Warnung und Mahnung vor wachsender Juden\u00adfeind\u00adschaft gedacht \u2013 eingedenk der Worte des Literatur\u00adnobel\u00adpreis\u00adtr\u00e4gers Hermann Hesse:<strong> \u201eEs kommt alles wieder, was nicht bis zu Ende gelitten und gel\u00f6st ist.\u201c<\/strong><\/p>\n<\/div>\n<p>[\/et_pb_text][et_pb_button button_url=\u201c@ET-DC@eyJkeW5hbWljIjp0cnVlLCJjb250ZW50IjoicG9zdF9saW5rX3VybF9wYWdlIiwic2V0dGluZ3MiOnsicG9zdF9pZCI6IjUwNDcyIn19@\u201c button_text=\u201eDie Geschichte der Juden in Siegen und im Sieger\u00adland \u201c admin_label=\u201eButton\u201c _builder_version=\u201e4.9.4\u201c _dynamic_attributes=\u201ebutton_url\u201c _module_preset=\u201edefault\u201c global_colors_info=\u201c{}\u201c][\/et_pb_button][\/et_pb_column][\/et_pb_row][et_pb_row column_structure=\u201e1_3,2_3\u201c _builder_version=\u201e4.10.5\u201c _module_preset=\u201edefault\u201c global_colors_info=\u201c{}\u201c][et_pb_column type=\u201e1_3\u201c _builder_version=\u201e4.9.4\u201c _module_preset=\u201edefault\u201c global_colors_info=\u201c{}\u201c][\/et_pb_column][et_pb_column type=\u201e2_3\u201c _builder_version=\u201e4.9.4\u201c _module_preset=\u201edefault\u201c global_colors_info=\u201c{}\u201c][et_pb_video src=\u201ehttps:\/\/www.youtube.com\/watch?v=4spUxtXs53o\u201c admin_label=\u201eVideo\u201c _builder_version=\u201e4.10.5\u201c _module_preset=\u201edefault\u201c custom_margin=\u201e25px||||false|false\u201c db_limit_youtube_related_videos_to_same_channel=\u201eon\u201c global_colors_info=\u201c{}\u201c][\/et_pb_video][\/et_pb_column][\/et_pb_row][\/et_pb_section][et_pb_section fb_built=\u201e1\u201c _builder_version=\u201e4.9.4\u201c _module_preset=\u201edefault\u201c background_color=\u201e#b9a885\u201c use_background_color_gradient=\u201eon\u201c background_color_gradient_start=\u201e#b9a885\u201c background_color_gradient_end=\u201e#ba9c66\u201c background_color_gradient_type=\u201eradial\u201c global_colors_info=\u201c{}\u201c][et_pb_row _builder_version=\u201e4.9.4\u201c _module_preset=\u201edefault\u201c global_colors_info=\u201c{}\u201c][et_pb_column type=\u201e4_4\u201c _builder_version=\u201e4.9.4\u201c _module_preset=\u201edefault\u201c global_colors_info=\u201c{}\u201c][et_pb_text _builder_version=\u201e4.9.4\u201c _module_preset=\u201edefault\u201c text_font=\u201c|300|||||||\u201c text_text_color=\u201c#FFFFFF\u201c text_font_size=\u201e48px\u201c text_line_height=\u201e1.3em\u201c header_4_font=\u201c|300|||||||\u201c background_enable_color=\u201eoff\u201c background_layout=\u201edark\u201c custom_padding=\u201e1em|1em|1em|1em|true|true\u201c text_font_size_tablet=\u201e36px\u201c text_font_size_phone=\u201e18px\u201c text_font_size_last_edited=\u201eon|phone\u201c global_colors_info=\u201c{}\u201c]<\/p>\n<p style=\"text-align: center;\">\u201eDas Projekt zeigt, dass Kunst die Kraft hat, uns zum Erinnern zu n\u00f6tigen, in uns Hoffnung zu erwecken, in uns Heilung zu bewirken und uns zu einer gr\u00f6\u00dferen Liebe aufzurufen.\u201c<\/p>\n<p>[\/et_pb_text][et_pb_text _builder_version=\u201e4.9.4\u201c _module_preset=\u201edefault\u201c text_font=\u201c|||on|||||\u201c text_text_color=\u201c#FFFFFF\u201c text_letter_spacing=\u201e2px\u201c text_line_height=\u201e1.4em\u201c header_4_font=\u201c|300|||||||\u201c background_enable_color=\u201eoff\u201c background_layout=\u201edark\u201c custom_padding=\u201e1em|1em|1em|1em|true|true\u201c text_font_size_tablet=\u201e18px\u201c text_font_size_phone=\u201e14px\u201c text_font_size_last_edited=\u201eon|phone\u201c global_colors_info=\u201c{}\u201c]<\/p>\n<p style=\"text-align: center;\">Frederick Whittaker, US-ameri\u00adka\u00adni\u00adscher Holocaust-Experte<\/p>\n<p>[\/et_pb_text][\/et_pb_column][\/et_pb_row][\/et_pb_section][et_pb_section fb_built=\u201e1\u201c admin_label=\u201eMaking Of\u201c _builder_version=\u201e4.11.4\u201c _module_preset=\u201edefault\u201c background_color=\u201c#4f666b\u201c link_option_url=\u201ehttps:\/\/youtu.be\/1U7feKSJeg8\u201c global_colors_info=\u201c{}\u201c][et_pb_row _builder_version=\u201e4.9.4\u201c _module_preset=\u201edefault\u201c global_colors_info=\u201c{}\u201c][et_pb_column type=\u201e4_4\u201c _builder_version=\u201e4.9.4\u201c _module_preset=\u201edefault\u201c global_colors_info=\u201c{}\u201c][et_pb_text admin_label=\u201eMaking-of-Video\u201c _builder_version=\u201e4.11.4\u201c _module_preset=\u201edefault\u201c text_font=\u201eMiriam Libre||||||||\u201c text_text_color=\u201c#FFFFFF\u201c header_3_font=\u201c|300|||||||\u201c header_4_font=\u201c|300|||||||\u201c header_4_text_align=\u201ecenter\u201c text_orientation=\u201ecenter\u201c background_layout=\u201edark\u201c link_option_url=\u201ehttps:\/\/youtu.be\/yLvkfbA0950\u201c link_option_url_new_window=\u201eon\u201c header_4_font_size_tablet=\u201c\u201c header_4_font_size_phone=\u201e14px\u201c header_4_font_size_last_edited=\u201eon|phone\u201c global_colors_info=\u201c{}\u201c]<\/p>\n<h4>Blick hinter die <a title=\"Kulisse (B\u00fchne)\" href=\"https:\/\/de.wikipedia.org\/wiki\/Kulisse_(B%C3%BChne)\" rel=\"nofollow noopener\" target=\"_blank\">Kulissen<\/a>: Virtuelle Rekonstruktion der Siegener Synagoge (Making of)<\/h4>\n<p>[\/et_pb_text][\/et_pb_column][\/et_pb_row][et_pb_row column_structure=\u201e1_5,3_5,1_5\u201c _builder_version=\u201e4.11.4\u201c _module_preset=\u201edefault\u201c global_colors_info=\u201c{}\u201c][et_pb_column type=\u201e1_5\u201c _builder_version=\u201e4.11.4\u201c _module_preset=\u201edefault\u201c global_colors_info=\u201c{}\u201c][\/et_pb_column][et_pb_column type=\u201e3_5\u201c _builder_version=\u201e4.11.4\u201c _module_preset=\u201edefault\u201c global_colors_info=\u201c{}\u201c][et_pb_video src=\u201ehttps:\/\/www.youtube.com\/watch?v=1U7feKSJeg8\u201c admin_label=\u201eMaking-of-Video\u201c _builder_version=\u201e4.11.4\u201c _module_preset=\u201edefault\u201c module_alignment=\u201ecenter\u201c animation_style=\u201efade\u201c db_limit_youtube_related_videos_to_same_channel=\u201eon\u201c global_colors_info=\u201c{}\u201c][\/et_pb_video][\/et_pb_column][et_pb_column type=\u201e1_5\u201c _builder_version=\u201e4.11.4\u201c _module_preset=\u201edefault\u201c global_colors_info=\u201c{}\u201c][\/et_pb_column][\/et_pb_row][\/et_pb_section][et_pb_section fb_built=\u201e1\u201c _builder_version=\u201e4.9.4\u201c _module_preset=\u201edefault\u201c background_enable_color=\u201eoff\u201c use_background_color_gradient=\u201eon\u201c background_color_gradient_start=\u201e#7c3a36\u201c background_color_gradient_end=\u201e#7c5350\u201c background_color_gradient_type=\u201eradial\u201c global_colors_info=\u201c{%22gcid-3a267e35-1aea-4055-a29f-98acaeba1133%22:%91%22colorEnd%22%93}\u201c][et_pb_row _builder_version=\u201e4.9.4\u201c _module_preset=\u201edefault\u201c global_colors_info=\u201c{}\u201c][et_pb_column type=\u201e4_4\u201c _builder_version=\u201e4.9.4\u201c _module_preset=\u201edefault\u201c global_colors_info=\u201c{}\u201c][et_pb_text _builder_version=\u201e4.9.4\u201c _module_preset=\u201edefault\u201c text_font=\u201c|300|||||||\u201c text_text_color=\u201c#FFFFFF\u201c text_font_size=\u201e48px\u201c text_line_height=\u201e1.3em\u201c header_4_font=\u201c|300|||||||\u201c background_enable_color=\u201eoff\u201c background_layout=\u201edark\u201c custom_padding=\u201e1em|1em|1em|1em|true|true\u201c text_font_size_tablet=\u201e36px\u201c text_font_size_phone=\u201e18px\u201c text_font_size_last_edited=\u201eon|phone\u201c global_colors_info=\u201c{}\u201c]<\/p>\n<div>\n<p style=\"text-align: center;\">\u201eErinnern allein gen\u00fcgt nicht. Erinnern muss immer mit Empathie verbunden sein. Diese Empathie kann vor allem mit k\u00fcnst\u00adle\u00adri\u00adschen Projekten erweckt werden, denn Kunst kann in beson\u00adderem Ma\u00dfe jene Gef\u00fchle hervor\u00adrufen, die Voraus\u00adset\u00adzung f\u00fcr Empathie sind. Kunst kann Erin\u00adne\u00adrungen zur\u00fcck\u00adbringen, Hoffnung geben, inspi\u00adrieren und heilen. Wo es Empathie gibt, herrscht keine Angst&nbsp;mehr.<\/p>\n<p style=\"text-align: center;\">Wenn wir uns nicht den Erin\u00adne\u00adrungen stellen, b\u00fcrden wir die Lasten den n\u00e4chsten Gene\u00adra\u00adtionen auf. Sie werden Probleme haben. Ihre Kinder werden Probleme haben.\u201c<\/p>\n<\/div>\n<p>[\/et_pb_text][et_pb_text _builder_version=\u201e4.9.4\u201c _module_preset=\u201edefault\u201c text_font=\u201c|||on|||||\u201c text_text_color=\u201c#FFFFFF\u201c text_letter_spacing=\u201e2px\u201c text_line_height=\u201e1.4em\u201c header_4_font=\u201c|300|||||||\u201c background_enable_color=\u201eoff\u201c background_layout=\u201edark\u201c custom_padding=\u201e1em|1em|1em|1em|true|true\u201c text_font_size_tablet=\u201e18px\u201c text_font_size_phone=\u201e14px\u201c text_font_size_last_edited=\u201eon|phone\u201c global_colors_info=\u201c{}\u201c]<\/p>\n<p style=\"text-align: center;\">Gabriela von Seltmann<\/p>\n<p>[\/et_pb_text][\/et_pb_column][\/et_pb_row][\/et_pb_section]<\/p>\n","protected":false},"excerpt":{"rendered":"<p>Die virtuelle Rekon\u00adstruk\u00adtion der Siegener&nbsp;Synago\u00adge\u00adStein f\u00fcr Stein wird die Siegener Synagoge am Computer wieder zusammengef\u00fcgt.Die zwei- und drei\u00addi\u00admen\u00adsio\u00adnale Video-Animation f\u00fcgt auf der Basis von histo\u00adri\u00adschen Foto\u00adgra\u00adfien aus dem Bestand des Aktiven Museum S\u00fcdwest\u00adfalen, der Berli\u00adni\u00adschen Galerie und des Sieger\u00adl\u00e4nder Heimat- und Geschichts\u00adver\u00adeins die Tr\u00fcmmer der Siegener Synagoge zusammen. Am Ende der Instal\u00adla\u00adtion erscheint das Geb\u00e4ude&nbsp;[\u2026]<\/p>\n","protected":false},"author":2,"featured_media":0,"parent":0,"menu_order":2,"comment_status":"closed","ping_status":"closed","template":"","meta":{"_et_pb_use_builder":"on","_et_pb_old_content":"","_et_gb_content_width":"","wp_typography_post_enhancements_disabled":false,"footnotes":""},"class_list":["post-50364","page","type-page","status-publish","hentry"],"_links":{"self":[{"href":"https:\/\/synagoge-siegen.de\/de\/wp-json\/wp\/v2\/pages\/50364","targetHints":{"allow":["GET"]}}],"collection":[{"href":"https:\/\/synagoge-siegen.de\/de\/wp-json\/wp\/v2\/pages"}],"about":[{"href":"https:\/\/synagoge-siegen.de\/de\/wp-json\/wp\/v2\/types\/page"}],"author":[{"embeddable":true,"href":"https:\/\/synagoge-siegen.de\/de\/wp-json\/wp\/v2\/users\/2"}],"replies":[{"embeddable":true,"href":"https:\/\/synagoge-siegen.de\/de\/wp-json\/wp\/v2\/comments?post=50364"}],"version-history":[{"count":1,"href":"https:\/\/synagoge-siegen.de\/de\/wp-json\/wp\/v2\/pages\/50364\/revisions"}],"predecessor-version":[{"id":51194,"href":"https:\/\/synagoge-siegen.de\/de\/wp-json\/wp\/v2\/pages\/50364\/revisions\/51194"}],"wp:attachment":[{"href":"https:\/\/synagoge-siegen.de\/de\/wp-json\/wp\/v2\/media?parent=50364"}],"curies":[{"name":"wp","href":"https:\/\/api.w.org\/{rel}","templated":true}]}}