{"id":50503,"date":"2021-06-07T14:03:16","date_gmt":"2021-06-07T12:03:16","guid":{"rendered":"https:\/\/synagoge-siegen.de\/?page_id=50503"},"modified":"2021-06-09T12:48:01","modified_gmt":"2021-06-09T10:48:01","slug":"die-synagoge-siegen","status":"publish","type":"page","link":"https:\/\/synagoge-siegen.de\/de\/die-synagoge-siegen","title":{"rendered":"Die Synagoge Siegen"},"content":{"rendered":"<p>[et_pb_section fb_built=\u201e1\u201c module_id=\u201einfo\u201c _builder_version=\u201e4.9.4\u201c _module_preset=\u201edefault\u201c background_color=\u201e#99b2b7\u201c][et_pb_row _builder_version=\u201e4.9.4\u201c _module_preset=\u201edefault\u201c][et_pb_column type=\u201e4_4\u201c _builder_version=\u201e4.9.4\u201c _module_preset=\u201edefault\u201c][et_pb_image src=\u201ehttps:\/\/synagoge-siegen.de\/wp-content\/uploads\/2021\/05\/Window.svg\u201c title_text=\u201eWindow\u201c admin_label=\u201eIcon Synagoge Siegen\u201c _builder_version=\u201e4.9.4\u201c _module_preset=\u201edefault\u201c width=\u201e15vw\u201c width_tablet=\u201c\u201c width_phone=\u201e20vw\u201c width_last_edited=\u201eon|phone\u201c module_alignment=\u201ecenter\u201c][\/et_pb_image][et_pb_text _builder_version=\u201e4.9.4\u201c _module_preset=\u201edefault\u201c text_font=\u201c||||||||\u201c text_text_color=\u201c#FFFFFF\u201c header_font=\u201c|700||on|||||\u201c header_text_align=\u201ecenter\u201c header_letter_spacing=\u201e1px\u201c header_line_height=\u201e1.3em\u201c header_3_font=\u201c|300|||||||\u201c header_4_font=\u201c|300|||||||\u201c background_layout=\u201edark\u201c header_font_size_tablet=\u201c\u201c header_font_size_phone=\u201e24px\u201c header_font_size_last_edited=\u201eon|phone\u201c]<\/p>\n<h1>Die Synagoge Siegen<\/h1>\n<p>[\/et_pb_text][\/et_pb_column][\/et_pb_row][\/et_pb_section][et_pb_section fb_built=\u201e1\u201c _builder_version=\u201e4.9.4\u201c _module_preset=\u201edefault\u201c background_color=\u201e#f2f2f2\u201c][et_pb_row column_structure=\u201e2_3,1_3\u201c _builder_version=\u201e4.9.4\u201c _module_preset=\u201edefault\u201c][et_pb_column type=\u201e2_3\u201c _builder_version=\u201e4.9.4\u201c _module_preset=\u201edefault\u201c][et_pb_image src=\u201ehttps:\/\/synagoge-siegen.de\/wp-content\/uploads\/Synagoge_Front.jpg\u201c title_text=\u201eSynagoge_Front\u201c _builder_version=\u201e4.9.4\u201c _module_preset=\u201edefault\u201c custom_margin=\u201c||0px||false|false\u201c custom_padding=\u201c||0px||false|false\u201c][\/et_pb_image][\/et_pb_column][et_pb_column type=\u201e1_3\u201c _builder_version=\u201e4.9.4\u201c _module_preset=\u201edefault\u201c][et_pb_image src=\u201ehttps:\/\/synagoge-siegen.de\/wp-content\/uploads\/Synagoge-SI-1904\u20131938.jpg\u201c title_text=\u201eSynagoge-SI-1904\u20131938\u201c _builder_version=\u201e4.9.4\u201c _module_preset=\u201edefault\u201c custom_margin=\u201c||0px||false|false\u201c custom_padding=\u201c||0px||false|false\u201c][\/et_pb_image][et_pb_text admin_label=\u201eBildunterschrift\u201c _builder_version=\u201e4.9.4\u201c _module_preset=\u201edefault\u201c text_font=\u201c|300|||||||\u201c header_text_align=\u201eleft\u201c header_6_font=\u201c||||||||\u201c header_6_text_align=\u201eleft\u201c header_6_text_color=\u201e#000000\u201c header_6_font_size=\u201e0.7em\u201c header_6_letter_spacing=\u201e1px\u201c header_6_line_height=\u201e1.3em\u201c custom_padding=\u201e0.5em||||false|false\u201c header_6_font_size_tablet=\u201c\u201c header_6_font_size_phone=\u201e10pt\u201c header_6_font_size_last_edited=\u201eon|phone\u201c]<\/p>\n<h6>Die von dem renommierten Berliner Architekten Eduard F\u00fcrstenau (1862\u20131938) entworfene Synagoge war nach den Regeln eines gem\u00e4\u00dfigt-orthodoxen Judentums gestaltet: Frauen und M\u00e4nner sa\u00dfen streng getrennt \u2013 der Gottesdienstraum bot unten 90&nbsp;Sitzpl\u00e4tze f\u00fcr M\u00e4nner und auf der Empore 70&nbsp;Pl\u00e4tze f\u00fcr Frauen. Zugleich bot der Raum Platz f\u00fcr einen Chor und ein Harmonium, das in streng-orthodoxen Gemeinden verp\u00f6nt war. F\u00fcr eine Orgel fehlte der Gemeinde das Geld \u2013 so wie auch f\u00fcr eine Heizung, die erst 1929 eingebaut wurde. Das Geb\u00e4ude enthielt desweiteren einen Schulraum, ein rituelles Bad, Abstell- und Umkleider\u00e4ume, Toiletten und eine Hausmeisterwohnung.<\/h6>\n<h6>F\u00fcrstenau war zur selben Zeit in Dortmund und Bielefeld f\u00fcr den Bau zweier weiterer Synagogen verantwortlich. Die 1900 beziehungsweise 1905 eingeweihten Synagogen waren ungleich gr\u00f6\u00dfer als die Siegener. Gleichwohl werden die drei als \u201eSchwesternsynagogen\u201c bezeichnet.<\/h6>\n<p>[\/et_pb_text][\/et_pb_column][\/et_pb_row][et_pb_row column_structure=\u201e1_5,3_5,1_5\u201c _builder_version=\u201e4.9.4\u201c _module_preset=\u201edefault\u201c][et_pb_column type=\u201e1_5\u201c _builder_version=\u201e4.9.4\u201c _module_preset=\u201edefault\u201c][\/et_pb_column][et_pb_column type=\u201e3_5\u201c _builder_version=\u201e4.9.4\u201c _module_preset=\u201edefault\u201c][et_pb_text _builder_version=\u201e4.9.4\u201c _module_preset=\u201edefault\u201c text_font=\u201c|300|||||||\u201c text_text_color=\u201e#134063\u201c text_line_height=\u201e1.4em\u201c background_enable_color=\u201eoff\u201c text_font_size_tablet=\u201c\u201c text_font_size_phone=\u201e16px\u201c text_font_size_last_edited=\u201eon|phone\u201c]<\/p>\n<div>Als am 23.&nbsp;Juli 1903 der Grund\u00adstein f\u00fcr die Siegener Synagoge gelegt wurde, fand das Ereignis in der gesamten deutschen Judenheit Beachtung: Die in Berlin erschei\u00adnende<em> Allge\u00admeine Zeitung des Judentums<\/em> w\u00fcrdigte in ihrer Ausgabe vom 31.&nbsp;Juli den \u201efeier\u00adli\u00adchen Akt\u201c mit einem ausf\u00fchr\u00adli\u00adchen Beitrag. Der Bericht\u00aderstatter verwies auf die besondere Situation der Siegener Gemeinde, denn sie befinde sich in \u201edem Hauptorte im Wahl\u00adkreise St\u00f6ckers, wo das Judentum ohnehin gegen Vorur\u00adteile und falsche Vorstel\u00adlungen genug zu k\u00e4mpfen hat.\u201c So m\u00fcsse ihr \u201ebesonders daran gelegen sein (\u2026), auch nach au\u00dfen w\u00fcrdig aufzutreten.\u201c<\/div>\n<p>[\/et_pb_text][et_pb_image src=\u201ehttps:\/\/synagoge-siegen.de\/wp-content\/uploads\/Faksimile-Grundsteinlegung.jpg\u201c title_text=\u201eFaksimile-Grundsteinlegung\u201c _builder_version=\u201e4.9.4\u201c _module_preset=\u201edefault\u201c width=\u201e100%\u201c max_width=\u201e900px\u201c module_alignment=\u201ecenter\u201c][\/et_pb_image][et_pb_text _builder_version=\u201e4.9.4\u201c _module_preset=\u201edefault\u201c text_font=\u201c|300|||||||\u201c text_text_color=\u201e#134063\u201c text_line_height=\u201e1.4em\u201c background_enable_color=\u201eoff\u201c text_font_size_tablet=\u201c\u201c text_font_size_phone=\u201e16px\u201c text_font_size_last_edited=\u201eon|phone\u201c]<\/p>\n<div>Die Urkunde zur Grund\u00adstein\u00adle\u00adgung wurde von Simon Gr\u00fcnewald verfasst. Sie enth\u00e4lt unter anderem einen Abriss der Geschichte der Siegener Juden seit 1815. Neben der Urkunde wurden auch die Statuten f\u00fcr die Synago\u00adgen\u00adge\u00admeinde und des Israe\u00adli\u00adti\u00adschen Frau\u00aden\u00adver\u00adeins sowie die Fried\u00adhofs\u00adord\u00adnung f\u00fcr den j\u00fcdischen Begr\u00e4b\u00adnis\u00adplatz in einer Kassette eingemauert.<\/div>\n<p>[\/et_pb_text][et_pb_button button_url=\u201c@ET-DC@eyJkeW5hbWljIjp0cnVlLCJjb250ZW50IjoicG9zdF9saW5rX3VybF9wYWdlIiwic2V0dGluZ3MiOnsicG9zdF9pZCI6IjUwNDg1In19@\u201c button_text=\u201eDie J\u00fcdische Gemeinde Siegen (1884\u20131943)\u201c _builder_version=\u201e4.9.4\u201c _dynamic_attributes=\u201ebutton_url\u201c _module_preset=\u201edefault\u201c][\/et_pb_button][\/et_pb_column][et_pb_column type=\u201e1_5\u201c _builder_version=\u201e4.9.4\u201c _module_preset=\u201edefault\u201c][\/et_pb_column][\/et_pb_row][et_pb_row column_structure=\u201e1_5,3_5,1_5\u201c _builder_version=\u201e4.9.4\u201c _module_preset=\u201edefault\u201c][et_pb_column type=\u201e1_5\u201c _builder_version=\u201e4.9.4\u201c _module_preset=\u201edefault\u201c][\/et_pb_column][et_pb_column type=\u201e3_5\u201c _builder_version=\u201e4.9.4\u201c _module_preset=\u201edefault\u201c][et_pb_image src=\u201ehttps:\/\/synagoge-siegen.de\/wp-content\/uploads\/synogoge-innen.jpg\u201c title_text=\u201esynogoge-innen\u201c _builder_version=\u201e4.9.4\u201c _module_preset=\u201edefault\u201c width=\u201e100%\u201c max_width=\u201e900px\u201c module_alignment=\u201ecenter\u201c custom_margin=\u201c||0px||false|false\u201c custom_padding=\u201c||0px||false|false\u201c][\/et_pb_image][et_pb_text admin_label=\u201eBildunterschrift\u201c _builder_version=\u201e4.9.4\u201c _module_preset=\u201edefault\u201c text_font=\u201c|300|||||||\u201c header_text_align=\u201eleft\u201c header_6_font=\u201c||||||||\u201c header_6_text_align=\u201eleft\u201c header_6_text_color=\u201e#000000\u201c header_6_font_size=\u201e0.7em\u201c header_6_letter_spacing=\u201e1px\u201c header_6_line_height=\u201e1.3em\u201c custom_padding=\u201e0.5em||||false|false\u201c header_6_font_size_tablet=\u201c\u201c header_6_font_size_phone=\u201e10pt\u201c header_6_font_size_last_edited=\u201eon|phone\u201c]<\/p>\n<h6>Innenaufnahme der Synagoge Siegen [Quelle: Berlinische Galerie \u2013 Landesmuseum f\u00fcr Moderne Kunst, Fotografie und Architektur]<\/h6>\n<p>[\/et_pb_text][\/et_pb_column][et_pb_column type=\u201e1_5\u201c _builder_version=\u201e4.9.4\u201c _module_preset=\u201edefault\u201c][\/et_pb_column][\/et_pb_row][et_pb_row column_structure=\u201e2_5,3_5\u201c _builder_version=\u201e4.9.4\u201c _module_preset=\u201edefault\u201c][et_pb_column type=\u201e2_5\u201c _builder_version=\u201e4.9.4\u201c _module_preset=\u201edefault\u201c][et_pb_image src=\u201ehttps:\/\/synagoge-siegen.de\/wp-content\/uploads\/Richtf-Synagoge-1903.jpg\u201c title_text=\u201eRichtf-Synagoge-1903\u201c _builder_version=\u201e4.9.4\u201c _module_preset=\u201edefault\u201c custom_margin=\u201c||0px||false|false\u201c custom_padding=\u201c||0px||false|false\u201c][\/et_pb_image][et_pb_text admin_label=\u201eBildunterschrift\u201c _builder_version=\u201e4.9.4\u201c _module_preset=\u201edefault\u201c text_font=\u201c|300|||||||\u201c header_text_align=\u201eleft\u201c header_6_font=\u201c||||||||\u201c header_6_text_align=\u201eleft\u201c header_6_text_color=\u201e#000000\u201c header_6_font_size=\u201e0.7em\u201c header_6_letter_spacing=\u201e1px\u201c header_6_line_height=\u201e1.3em\u201c custom_margin=\u201e0px||||false|false\u201c custom_padding=\u201e0.5em||||false|false\u201c header_6_font_size_tablet=\u201c\u201c header_6_font_size_phone=\u201e10pt\u201c header_6_font_size_last_edited=\u201eon|phone\u201c]<\/p>\n<h6>Die Bauarbeiten gingen rasch voran, sodass bereits am 15. Oktober 1903 das Richtfest gefeiert werden konnte. Die <em>Siegener Zeitung<\/em> zeigte sich beeindruckt von dem \u201eGeb\u00e4ude mit seinen gef\u00e4lligen Formen\u201c: Es ver\u00e4ndere \u201edas Bild des \u00f6stlichen Teils unserer Stadt nicht zu seinem Nachteil.\u201c<\/h6>\n<p>[\/et_pb_text][\/et_pb_column][et_pb_column type=\u201e3_5\u201c _builder_version=\u201e4.9.4\u201c _module_preset=\u201edefault\u201c][et_pb_text _builder_version=\u201e4.9.4\u201c _module_preset=\u201edefault\u201c text_font=\u201c|300|||||||\u201c text_text_color=\u201e#134063\u201c text_line_height=\u201e1.4em\u201c background_enable_color=\u201eoff\u201c text_font_size_tablet=\u201c\u201c text_font_size_phone=\u201e16px\u201c text_font_size_last_edited=\u201eon|phone\u201c]<\/p>\n<div>Die<em> Allge\u00admeine Zeitung des Judentums<\/em> berich\u00adtete auch von der \u201eerhe\u00adbenden Feier\u201c der Einwei\u00adhung der Synagoge am 22.&nbsp;Juli 1904. In der Aufz\u00e4h\u00adlung der Ehren\u00adg\u00e4ste, zu denen der Landrat, der Bezirks\u00adkom\u00adman\u00addeur, der Land\u00adtags\u00adab\u00adge\u00adord\u00adnete und die am Bau betei\u00adligten Hand\u00adwerks\u00admeister z\u00e4hlten, fehlten jedoch die Namen der Pfarrer: \u201eDie Geist\u00adli\u00adchen beider Konfes\u00adsionen, denen Einla\u00addungen zuge\u00adgangen, hatten nicht Folge geleistet.\u201c Neben den protes\u00adtan\u00adti\u00adschen und katho\u00adli\u00adschen Pfarrern fehlte auch der B\u00fcrger\u00admeister der Stadt Siegen. Die Abwe\u00adsen\u00adheit des Stadt\u00adober\u00adhaupts und der Repr\u00e4\u00adsen\u00adtanten der Chris\u00adten\u00adheit war unge\u00adw\u00f6hn\u00adlich: In anderen St\u00e4dten, in denen w\u00e4hrend des Kaiser\u00adreichs Synagogen einge\u00adweiht wurden, waren B\u00fcrger- und Chris\u00adten\u00adge\u00admeinde repr\u00e4\u00adsen\u00adtativ vertreten.<\/div>\n<p>[\/et_pb_text][et_pb_image src=\u201ehttps:\/\/synagoge-siegen.de\/wp-content\/uploads\/Faksimile-Richtfest.jpg\u201c title_text=\u201eFaksimile-Richtfest\u201c _builder_version=\u201e4.9.4\u201c _module_preset=\u201edefault\u201c width=\u201e100%\u201c max_width=\u201e900px\u201c module_alignment=\u201ecenter\u201c][\/et_pb_image][et_pb_button button_url=\u201c@ET-DC@eyJkeW5hbWljIjp0cnVlLCJjb250ZW50IjoicG9zdF9saW5rX3VybF9wYWdlIiwic2V0dGluZ3MiOnsicG9zdF9pZCI6IjUwNTIyIn19@\u201c button_text=\u201eReichspogromnacht\u201c _builder_version=\u201e4.9.4\u201c _dynamic_attributes=\u201ebutton_url\u201c _module_preset=\u201edefault\u201c][\/et_pb_button][\/et_pb_column][\/et_pb_row][et_pb_row column_structure=\u201e1_5,3_5,1_5\u201c _builder_version=\u201e4.9.4\u201c _module_preset=\u201edefault\u201c][et_pb_column type=\u201e1_5\u201c _builder_version=\u201e4.9.4\u201c _module_preset=\u201edefault\u201c][\/et_pb_column][et_pb_column type=\u201e3_5\u201c _builder_version=\u201e4.9.4\u201c _module_preset=\u201edefault\u201c][et_pb_text _builder_version=\u201e4.9.4\u201c _module_preset=\u201edefault\u201c text_font=\u201c|300|||||||\u201c text_text_color=\u201e#134063\u201c text_line_height=\u201e1.4em\u201c background_enable_color=\u201eoff\u201c text_font_size_tablet=\u201c\u201c text_font_size_phone=\u201e16px\u201c text_font_size_last_edited=\u201eon|phone\u201c]<\/p>\n<div>\u00d6rtlicher Bauherr der Synagoge war der Siegener Architekt Hermann Giesler (1865\u20131941). Seine S\u00f6hne Paul (1895\u20131945) und Hermann (1898\u20131987), die ebenfalls Archi\u00adtekten wurden, schlossen sich fr\u00fch\u00adzeitig der national\u00adsozialistischen Bewegung an und nahmen hohe R\u00e4nge in der SA ein. Beide Br\u00fcder z\u00e4hlten zur F\u00fchrungs\u00adelite im NS-Staat: Paul unter anderem als Gauleiter von Westfalen-S\u00fcd und als baye\u00adri\u00adscher Minis\u00adter\u00adpr\u00e4\u00adsi\u00addent, Hermann als Vertrauter Hitlers. Nach dem Untergang Nazi-Deutsch\u00adlands entzog sich Paul seiner Verant\u00adwor\u00adtung durch Selbst\u00admord. Hermann wurde 1947 von einem US-ameri\u00adka\u00adni\u00adschen Mili\u00adt\u00e4r\u00adge\u00adricht wegen T\u00f6tungs\u00adver\u00adbre\u00adchen zu lebens\u00adlanger Haft verur\u00adteilt, doch bereits 1952 aus dem Gef\u00e4ngnis entlassen. Er blieb bis zu seinem Tod 1987 \u00fcber\u00adzeugter Nationalsozialist.<\/div>\n<p>[\/et_pb_text][et_pb_button button_url=\u201c@ET-DC@eyJkeW5hbWljIjp0cnVlLCJjb250ZW50IjoicG9zdF9saW5rX3VybF9wYWdlIiwic2V0dGluZ3MiOnsicG9zdF9pZCI6IjUwMzY0In19@\u201c button_text=\u201eDie virtuelle Rekon\u00adstruk\u00adtion der Siegener Synagoge\u201c _builder_version=\u201e4.9.4\u201c _dynamic_attributes=\u201ebutton_url\u201c _module_preset=\u201edefault\u201c][\/et_pb_button][et_pb_text _builder_version=\u201e4.9.4\u201c _module_preset=\u201edefault\u201c text_font=\u201c|300|||||||\u201c text_text_color=\u201ergba(19,64,99,0.58)\u201c text_line_height=\u201e1.4em\u201c background_enable_color=\u201eoff\u201c text_font_size_tablet=\u201c\u201c text_font_size_phone=\u201e16px\u201c text_font_size_last_edited=\u201eon|phone\u201c saved_tabs=\u201eall\u201c global_module=\u201e50670\u201c]<\/p>\n<p style=\"text-align: right;\">Text: Uwe von Seltmann (2021)<\/p>\n<p>[\/et_pb_text][\/et_pb_column][et_pb_column type=\u201e1_5\u201c _builder_version=\u201e4.9.4\u201c _module_preset=\u201edefault\u201c][\/et_pb_column][\/et_pb_row][\/et_pb_section][et_pb_section fb_built=\u201e1\u201c _builder_version=\u201e4.9.4\u201c _module_preset=\u201edefault\u201c background_enable_color=\u201eoff\u201c use_background_color_gradient=\u201eon\u201c background_color_gradient_start=\u201e#7c3a36\u201c background_color_gradient_end=\u201e#7c5350\u201c background_color_gradient_type=\u201eradial\u201c global_colors_info=\u201c{%22gcid-3a267e35-1aea-4055-a29f-98acaeba1133%22:%91%22colorEnd%22%93}\u201c colorEnd=\u201egcid-3a267e35-1aea-4055-a29f-98acaeba1133\u201c][et_pb_row _builder_version=\u201e4.9.4\u201c _module_preset=\u201edefault\u201c][et_pb_column type=\u201e4_4\u201c _builder_version=\u201e4.9.4\u201c _module_preset=\u201edefault\u201c][et_pb_text _builder_version=\u201e4.9.4\u201c _module_preset=\u201edefault\u201c text_font=\u201c|300|||||||\u201c text_text_color=\u201c#FFFFFF\u201c text_font_size=\u201e48px\u201c text_line_height=\u201e1.3em\u201c header_4_font=\u201c|300|||||||\u201c background_enable_color=\u201eoff\u201c background_layout=\u201edark\u201c custom_padding=\u201e1em|1em|1em|1em|true|true\u201c text_font_size_tablet=\u201e36px\u201c text_font_size_phone=\u201e18px\u201c text_font_size_last_edited=\u201eon|phone\u201c]<\/p>\n<div style=\"text-align: center;\">\n<div>\u201eDie Geist\u00adli\u00adchen beider Konfes\u00adsionen, denen Einla\u00addungen zuge\u00adgangen, hatten nicht Folge geleistet.\u201c<\/div>\n<\/div>\n<p>[\/et_pb_text][et_pb_text _builder_version=\u201e4.9.4\u201c _module_preset=\u201edefault\u201c text_font=\u201c|||on|||||\u201c text_text_color=\u201c#FFFFFF\u201c text_letter_spacing=\u201e2px\u201c text_line_height=\u201e1.4em\u201c header_4_font=\u201c|300|||||||\u201c background_enable_color=\u201eoff\u201c background_layout=\u201edark\u201c custom_padding=\u201e1em|1em|1em|1em|true|true\u201c text_font_size_tablet=\u201e18px\u201c text_font_size_phone=\u201e14px\u201c text_font_size_last_edited=\u201eon|phone\u201c]<\/p>\n<p style=\"text-align: center;\"><em>Allge\u00admeine Zeitung des Judentums<\/em>&nbsp; (12. August 1904)<\/p>\n<p>[\/et_pb_text][\/et_pb_column][\/et_pb_row][\/et_pb_section]<\/p>\n","protected":false},"excerpt":{"rendered":"<p>Die Synagoge SiegenDie von dem renom\u00admierten Berliner Archi\u00adtekten Eduard F\u00fcrstenau (1862\u20131938) entwor\u00adfene Synagoge war nach den Regeln eines gem\u00e4\u00dfigt-ortho\u00addoxen Judentums gestaltet: Frauen und M\u00e4nner sa\u00dfen streng getrennt \u2013 der Gottes\u00addienstraum bot unten 90&nbsp;Sitz\u00adpl\u00e4tze f\u00fcr M\u00e4nner und auf der Empore 70&nbsp;Pl\u00e4tze f\u00fcr Frauen. Zugleich bot der Raum Platz f\u00fcr einen Chor und ein Harmonium, das&nbsp;in&nbsp;[\u2026]<\/p>\n","protected":false},"author":2,"featured_media":0,"parent":0,"menu_order":12,"comment_status":"closed","ping_status":"closed","template":"","meta":{"_et_pb_use_builder":"on","_et_pb_old_content":"","_et_gb_content_width":"","wp_typography_post_enhancements_disabled":false,"footnotes":""},"class_list":["post-50503","page","type-page","status-publish","hentry"],"_links":{"self":[{"href":"https:\/\/synagoge-siegen.de\/de\/wp-json\/wp\/v2\/pages\/50503","targetHints":{"allow":["GET"]}}],"collection":[{"href":"https:\/\/synagoge-siegen.de\/de\/wp-json\/wp\/v2\/pages"}],"about":[{"href":"https:\/\/synagoge-siegen.de\/de\/wp-json\/wp\/v2\/types\/page"}],"author":[{"embeddable":true,"href":"https:\/\/synagoge-siegen.de\/de\/wp-json\/wp\/v2\/users\/2"}],"replies":[{"embeddable":true,"href":"https:\/\/synagoge-siegen.de\/de\/wp-json\/wp\/v2\/comments?post=50503"}],"version-history":[{"count":0,"href":"https:\/\/synagoge-siegen.de\/de\/wp-json\/wp\/v2\/pages\/50503\/revisions"}],"wp:attachment":[{"href":"https:\/\/synagoge-siegen.de\/de\/wp-json\/wp\/v2\/media?parent=50503"}],"curies":[{"name":"wp","href":"https:\/\/api.w.org\/{rel}","templated":true}]}}