{"id":50617,"date":"2021-06-07T16:44:29","date_gmt":"2021-06-07T14:44:29","guid":{"rendered":"https:\/\/synagoge-siegen.de\/?page_id=50617"},"modified":"2021-10-05T11:38:35","modified_gmt":"2021-10-05T09:38:35","slug":"impressum","status":"publish","type":"page","link":"https:\/\/synagoge-siegen.de\/de\/impressum","title":{"rendered":"Impressum"},"content":{"rendered":"<p>[et_pb_section fb_built=\u201e1\u201c _builder_version=\u201e4.9.4\u201c background_color=\u201e#f1f1f1\u201c global_colors_info=\u201c{}\u201c][et_pb_row _builder_version=\u201e3.25\u201c background_size=\u201einitial\u201c background_position=\u201etop_left\u201c background_repeat=\u201erepeat\u201c global_colors_info=\u201c{}\u201c][et_pb_column type=\u201e4_4\u201c _builder_version=\u201e3.25\u201c custom_padding=\u201c|||\u201c global_colors_info=\u201c{}\u201c custom_padding__hover=\u201c|||\u201c][et_pb_text _builder_version=\u201e4.9.7\u201c background_color=\u201e#f1f1f1\u201c background_size=\u201einitial\u201c background_position=\u201etop_left\u201c background_repeat=\u201erepeat\u201c global_colors_info=\u201c{}\u201c]<\/p>\n<h3>Angaben gem\u00e4\u00df \u00a7 5&nbsp;TMG<\/h3>\n<p>Gesell\u00adschaft f\u00fcr Christ\u00adlich- J\u00fcdische Zusammen\u00adarbeit Sieger\u00adland e. V.<br>Spandauer Str. 34,&nbsp; 57072 Siegen<\/p>\n<p>Vertreten durch:<\/p>\n<ul>\n<li>Raimar Leng (Evan\u00adge\u00adli\u00adscher Vorsitzender)<\/li>\n<li>Allon Sander (J\u00fcdischer Vorsitzender)<\/li>\n<li>Werner Stettner (Katho\u00adli\u00adscher Vorsitzender)<\/li>\n<\/ul>\n<h4>Kontakt:<\/h4>\n<p>Telefon: (0271) 20 100<br>E\u2011Mail: cjz.siegen@t\u2011online.de<\/p>\n<h4>Registereintrag:<\/h4>\n<p>Vereins\u00adre\u00adgis\u00adter\u00adnummer 676 beim Amts\u00adge\u00adricht Siegen<\/p>\n<h4>Redaktion:<\/h4>\n<p>Uwe von Seltmann (Verant\u00adwort\u00adlich f\u00fcr den Inhalt nach \u00a7 55 Abs. 2&nbsp;RStV)<\/p>\n<p>Trans\u00adla\u00adtion: Katharina Joy&nbsp;Book<\/p>\n<p>&nbsp;<\/p>\n<h4>Webdesign:<\/h4>\n<p>Jens Luniak \u2013 <a href=\"https:\/\/luniak.net\/\" target=\"_blank\" rel=\"noopener nofollow\">www.luniak.net<\/a><\/p>\n<h4>Bildnachweis:<\/h4>\n<p><span class>Die Fotos wurden dankens\u00adwer\u00adter\u00adweise zur Verf\u00fcgung gestellt von: Archiv Aktives Museum, <\/span><span class>Berli\u00adni\u00adsche Galerie,&nbsp;<\/span><span class>Yura Drug,&nbsp;<\/span><span class>Elektro Moon Vision, privat, PR,&nbsp;<\/span><span class>Uwe von Seltmann,&nbsp;<\/span><span class>Sieger\u00adl\u00e4nder Heimat- und Geschichtsverein.<\/span><\/p>\n<p>&nbsp;<\/p>\n<h3>Haftungsausschluss:<\/h3>\n<p>&nbsp;<\/p>\n<h4>Haftung f\u00fcr Inhalte<\/h4>\n<p>Die Inhalte unserer Seiten wurden mit gr\u00f6\u00dfter Sorgfalt erstellt. F\u00fcr die Rich\u00adtig\u00adkeit, Voll\u00adst\u00e4n\u00addig\u00adkeit und Aktua\u00adlit\u00e4t der Inhalte k\u00f6nnen wir jedoch keine Gew\u00e4hr \u00fcber\u00adnehmen. Als Diens\u00adte\u00adan\u00adbieter sind wir gem\u00e4\u00df \u00a7 7 Abs.1 TMG f\u00fcr eigene Inhalte auf diesen Seiten nach den allge\u00admeinen Gesetzen verant\u00adwort\u00adlich. Nach \u00a7\u00a7 8 bis 10 TMG sind wir als Diens\u00adte\u00adan\u00adbieter jedoch nicht verpflichtet, \u00fcber\u00admit\u00adtelte oder gespei\u00adcherte fremde Infor\u00adma\u00adtionen zu \u00fcber\u00adwa\u00adchen oder nach Umst\u00e4nden zu forschen, die auf eine rechts\u00adwid\u00adrige T\u00e4tigkeit hinweisen. Verpflich\u00adtungen zur Entfer\u00adnung oder Sperrung der Nutzung von Infor\u00adma\u00adtionen nach den allge\u00admeinen Gesetzen bleiben hiervon unber\u00fchrt. Eine dies\u00adbe\u00adz\u00fcg\u00adliche Haftung ist jedoch erst ab dem Zeitpunkt der Kenntnis einer konkreten Rechts\u00adver\u00adlet\u00adzung m\u00f6glich. Bei Bekannt\u00adwerden von entspre\u00adchenden Rechts\u00adver\u00adlet\u00adzungen werden wir diese Inhalte umgehend entfernen.<\/p>\n<h4>Haftung f\u00fcr&nbsp;Links<\/h4>\n<p>Unser Angebot enth\u00e4lt Links zu externen Webseiten Dritter, auf deren Inhalte wir keinen Einfluss haben. Deshalb k\u00f6nnen wir f\u00fcr diese fremden Inhalte auch keine Gew\u00e4hr \u00fcber\u00adnehmen. F\u00fcr die Inhalte der verlinkten Seiten ist stets der jeweilige Anbieter oder Betreiber der Seiten verant\u00adwort\u00adlich. Die verlinkten Seiten wurden zum Zeitpunkt der Verlin\u00adkung auf m\u00f6gliche Rechts\u00adver\u00adst\u00f6\u00dfe \u00fcberpr\u00fcft. Rechts\u00adwid\u00adrige Inhalte waren zum Zeitpunkt der Verlin\u00adkung nicht erkennbar. Eine perma\u00adnente inhalt\u00adliche Kontrolle der verlinkten Seiten ist jedoch ohne konkrete Anhalts\u00adpunkte einer Rechts\u00adver\u00adlet\u00adzung nicht zumutbar. Bei Bekannt\u00adwerden von Rechts\u00adver\u00adlet\u00adzungen werden wir derartige Links umgehend entfernen.<\/p>\n<h4>Urheberrecht<\/h4>\n<p>Die durch die Seiten\u00adbe\u00adtreiber erstellten Inhalte und Werke auf diesen Seiten unter\u00adliegen dem deutschen Urhe\u00adber\u00adrecht. Die Verviel\u00adf\u00e4l\u00adti\u00adgung, Bear\u00adbei\u00adtung, Verbrei\u00adtung und jede Art der Verwer\u00adtung au\u00dferhalb der Grenzen des Urhe\u00adber\u00adrechtes bed\u00fcrfen der schrift\u00adli\u00adchen Zustim\u00admung des jewei\u00adligen Autors bzw. Erstel\u00adlers. Downloads und Kopien dieser Seite sind nur f\u00fcr den privaten, nicht kommer\u00adzi\u00adellen Gebrauch gestattet. Soweit die Inhalte auf dieser Seite nicht vom Betreiber erstellt wurden, werden die Urhe\u00adber\u00adrechte Dritter beachtet. Insbe\u00adson\u00addere werden Inhalte Dritter als solche gekenn\u00adzeichnet. Sollten Sie trotzdem auf eine Urhe\u00adber\u00adrechts\u00adver\u00adlet\u00adzung aufmerksam werden, bitten wir um einen entspre\u00adchenden Hinweis. Bei Bekannt\u00adwerden von Rechts\u00adver\u00adlet\u00adzungen werden wir derartige Inhalte umgehend entfernen.<\/p>\n<h4>Datenschutz<\/h4>\n<p>Die Nutzung unserer Webseite ist in der Regel ohne Angabe perso\u00adnen\u00adbe\u00adzo\u00adgener Daten m\u00f6glich. Soweit auf unseren Seiten perso\u00adnen\u00adbe\u00adzo\u00adgene Daten (beispiels\u00adweise Name, Anschrift oder eMail-Adressen) erhoben werden, erfolgt dies, soweit m\u00f6glich, stets auf frei\u00adwil\u00adliger Basis. Diese Daten werden ohne Ihre ausdr\u00fcck\u00adliche Zustim\u00admung nicht an Dritte weiter\u00adge\u00adgeben.<br>Wir weisen darauf hin, dass die Daten\u00ad\u00fcber\u00adtra\u00adgung im Internet (z.B. bei der Kommu\u00adni\u00adka\u00adtion per E\u2011Mail) Sicher\u00adheits\u00adl\u00fc\u00adcken aufweisen kann. Ein l\u00fccken\u00adloser Schutz der Daten vor dem Zugriff durch Dritte ist nicht m\u00f6glich.<br>Der Nutzung von im Rahmen der Impres\u00adsums\u00adpflicht ver\u00f6f\u00adfent\u00adlichten Kontakt\u00addaten durch Dritte zur \u00dcber\u00adsen\u00addung von nicht ausdr\u00fcck\u00adlich ange\u00adfor\u00adderter Werbung und Infor\u00adma\u00adti\u00adons\u00adma\u00adte\u00adria\u00adlien wird hiermit ausdr\u00fcck\u00adlich wider\u00adspro\u00adchen. Die Betreiber der Seiten behalten sich ausdr\u00fcck\u00adlich recht\u00adliche Schritte im Falle der unver\u00adlangten Zusendung von Werbe\u00adinfor\u00adma\u00adtionen, etwa durch Spam-Mails, vor.<\/p>\n<h4>Google Analytics<\/h4>\n<p>Diese Website benutzt Google Analytics, einen Webana\u00adly\u00adse\u00addienst der Google Inc. (\u201cGoogle\u201c). Google Analytics verwendet sog. \u201cCookies\u201c, Text\u00adda\u00adteien, die auf Ihrem Computer gespei\u00adchert werden und die eine Analyse der Benutzung der Website durch Sie erm\u00f6g\u00adlicht. Die durch den Cookie erzeugten Infor\u00adma\u00adtionen \u00fcber Ihre Benutzung dieser Website (einschlie\u00df\u00adlich Ihrer IP-Adresse) wird an einen Server von Google in den USA \u00fcber\u00adtragen und dort gespei\u00adchert. Google wird diese Infor\u00adma\u00adtionen benutzen, um Ihre Nutzung der Website auszu\u00adwerten, um Reports \u00fcber die Website\u00adak\u00adti\u00advi\u00adt\u00e4ten f\u00fcr die Website\u00adbe\u00adtreiber zusam\u00admen\u00adzu\u00adstellen und um weitere mit der Website\u00adnut\u00adzung und der Inter\u00adnet\u00adnut\u00adzung verbun\u00addene Dienst\u00adleis\u00adtungen zu erbringen. Auch wird Google diese Infor\u00adma\u00adtionen gege\u00adbe\u00adnen\u00adfalls an Dritte \u00fcber\u00adtragen, sofern dies gesetz\u00adlich vorge\u00adschrieben oder soweit Dritte diese Daten im Auftrag von Google verar\u00adbeiten. Google wird in keinem Fall Ihre IP-Adresse mit anderen Daten der Google in Verbin\u00addung bringen. Sie k\u00f6nnen die Instal\u00adla\u00adtion der Cookies durch eine entspre\u00adchende Einstel\u00adlung Ihrer Browser Software verhin\u00addern; wir weisen Sie jedoch darauf hin, dass Sie in diesem Fall gege\u00adbe\u00adnen\u00adfalls nicht s\u00e4mtliche Funk\u00adtionen dieser Website voll umf\u00e4ng\u00adlich nutzen k\u00f6nnen. Durch die Nutzung dieser Website erkl\u00e4ren Sie sich mit der Bear\u00adbei\u00adtung der \u00fcber Sie erhobenen Daten durch Google in der zuvor beschrie\u00adbenen Art und Weise und zu dem zuvor benannten Zweck einverstanden.<\/p>\n<p>&nbsp;<\/p>\n<p>[\/et_pb_text][et_pb_text _builder_version=\u201e4.9.7\u201c text_font_size=\u201e0.6em\u201c text_line_height=\u201e1.4em\u201c background_color=\u201e#f1f1f1\u201c background_size=\u201einitial\u201c background_position=\u201etop_left\u201c background_repeat=\u201erepeat\u201c global_colors_info=\u201c{}\u201c]<\/p>\n<p>Impressum vom <a href=\"https:\/\/www.impressum-generator.de\" rel=\"nofollow noopener\" target=\"_blank\">Impressum Generator<\/a> der <a href=\"https:\/\/www.kanzlei-hasselbach.de\/\" rel=\"nofollow noopener\" target=\"_blank\">Kanzlei Hassel\u00adbach, Rechts\u00adan\u00adw\u00e4lte f\u00fcr Arbeits\u00adrecht und Familienrecht<\/a><\/p>\n<p>[\/et_pb_text][\/et_pb_column][\/et_pb_row][\/et_pb_section]<\/p>\n","protected":false},"excerpt":{"rendered":"<p>Angaben gem\u00e4\u00df \u00a7 5 TMG Gesell\u00adschaft f\u00fcr Christ\u00adlich- J\u00fcdische Zusammen\u00adarbeit Sieger\u00adland e. V.Spandauer Str. 34,&nbsp; 57072 Siegen Vertreten durch: Raimar Leng (Evan\u00adge\u00adli\u00adscher Vorsit\u00adzender) Allon Sander (J\u00fcdischer Vorsit\u00adzender) Werner Stettner (Katho\u00adli\u00adscher Vorsit\u00adzender) Kontakt: Telefon: (0271) 20 100E-Mail: cjz.siegen@t\u2011online.de Regis\u00adter\u00adein\u00adtrag: Vereins\u00adre\u00adgis\u00adter\u00adnummer 676 beim Amts\u00adge\u00adricht Siegen Redaktion: Uwe von Seltmann (Verant\u00adwort\u00adlich f\u00fcr den Inhalt nach \u00a7 55&nbsp;Abs.&nbsp;[\u2026]<\/p>\n","protected":false},"author":2,"featured_media":0,"parent":0,"menu_order":30,"comment_status":"closed","ping_status":"closed","template":"","meta":{"_et_pb_use_builder":"on","_et_pb_old_content":"Angaben gem\u00e4\u00df \u00a7 5 TMG<\/p><p>Max Muster <br> \r\nMusterweg<br> \r\n12345 Musterstadt <br> \r\n<\/p><p> <strong>Vertreten durch: <\/strong><br>\r\nMax Muster<br>\r\n<\/p><p><strong>Kontakt:<\/strong> <br>\r\nTelefon: 01234-789456<br>\r\nFax: 1234-56789<br>\r\nE-Mail: <a href='mailto:max@muster.de'>max@muster.de<\/a><\/br><\/p><p><strong>Registereintrag: <\/strong><br>\r\nEintragung im Registergericht: Musterstadt<br>\r\nRegisternummer: 12345<br><\/p><p><strong>Umsatzsteuer-ID: <\/strong> <br>\r\nUmsatzsteuer-Identifikationsnummer gem\u00e4\u00df \u00a727a Umsatzsteuergesetz: Musterustid.<br><br>\r\n<strong>Wirtschafts-ID: <\/strong><br>\r\nMusterwirtschaftsid<br>\r\n<\/p><p><strong>Aufsichtsbeh\u00f6rde:<\/strong><br>\r\nMusteraufsicht Musterstadt<br><\/p><p><strong>Verantwortlich f\u00fcr den Inhalt nach \u00a7 55 Abs. 2 RStV:<\/strong><br>\r\nMax Muster <br> \r\nMusterweg<br> \r\n12345 Musterstadt <br><\/p> <p><strong>Haftungsausschluss: <\/strong><br><br><strong>Haftung f\u00fcr Inhalte<\/strong><br><br>\r\nDie Inhalte unserer Seiten wurden mit gr\u00f6\u00dfter Sorgfalt erstellt. F\u00fcr die Richtigkeit, Vollst\u00e4ndigkeit und Aktualit\u00e4t der Inhalte k\u00f6nnen wir jedoch keine Gew\u00e4hr \u00fcbernehmen. Als Diensteanbieter sind wir gem\u00e4\u00df \u00a7 7 Abs.1 TMG f\u00fcr eigene Inhalte auf diesen Seiten nach den allgemeinen Gesetzen verantwortlich. Nach \u00a7\u00a7 8 bis 10 TMG sind wir als Diensteanbieter jedoch nicht verpflichtet, \u00fcbermittelte oder gespeicherte fremde Informationen zu \u00fcberwachen oder nach Umst\u00e4nden zu forschen, die auf eine rechtswidrige T\u00e4tigkeit hinweisen. Verpflichtungen zur Entfernung oder Sperrung der Nutzung von Informationen nach den allgemeinen Gesetzen bleiben hiervon unber\u00fchrt. Eine diesbez\u00fcgliche Haftung ist jedoch erst ab dem Zeitpunkt der Kenntnis einer konkreten Rechtsverletzung m\u00f6glich. Bei Bekanntwerden von entsprechenden Rechtsverletzungen werden wir diese Inhalte umgehend entfernen.<br><br><strong>Haftung f\u00fcr Links<\/strong><br><br>\r\nUnser Angebot enth\u00e4lt Links zu externen Webseiten Dritter, auf deren Inhalte wir keinen Einfluss haben. Deshalb k\u00f6nnen wir f\u00fcr diese fremden Inhalte auch keine Gew\u00e4hr \u00fcbernehmen. F\u00fcr die Inhalte der verlinkten Seiten ist stets der jeweilige Anbieter oder Betreiber der Seiten verantwortlich. Die verlinkten Seiten wurden zum Zeitpunkt der Verlinkung auf m\u00f6gliche Rechtsverst\u00f6\u00dfe \u00fcberpr\u00fcft. Rechtswidrige Inhalte waren zum Zeitpunkt der Verlinkung nicht erkennbar. Eine permanente inhaltliche Kontrolle der verlinkten Seiten ist jedoch ohne konkrete Anhaltspunkte einer Rechtsverletzung nicht zumutbar. Bei Bekanntwerden von Rechtsverletzungen werden wir derartige Links umgehend entfernen.<br><br><strong>Urheberrecht<\/strong><br><br>\r\nDie durch die Seitenbetreiber erstellten Inhalte und Werke auf diesen Seiten unterliegen dem deutschen Urheberrecht. Die Vervielf\u00e4ltigung, Bearbeitung, Verbreitung und jede Art der Verwertung au\u00dferhalb der Grenzen des Urheberrechtes bed\u00fcrfen der schriftlichen Zustimmung des jeweiligen Autors bzw. Erstellers. Downloads und Kopien dieser Seite sind nur f\u00fcr den privaten, nicht kommerziellen Gebrauch gestattet. Soweit die Inhalte auf dieser Seite nicht vom Betreiber erstellt wurden, werden die Urheberrechte Dritter beachtet. Insbesondere werden Inhalte Dritter als solche gekennzeichnet. Sollten Sie trotzdem auf eine Urheberrechtsverletzung aufmerksam werden, bitten wir um einen entsprechenden Hinweis. Bei Bekanntwerden von Rechtsverletzungen werden wir derartige Inhalte umgehend entfernen.<br><br><strong>Datenschutz<\/strong><br><br>\r\nDie Nutzung unserer Webseite ist in der Regel ohne Angabe personenbezogener Daten m\u00f6glich. Soweit auf unseren Seiten personenbezogene Daten (beispielsweise Name, Anschrift oder eMail-Adressen) erhoben werden, erfolgt dies, soweit m\u00f6glich, stets auf freiwilliger Basis. Diese Daten werden ohne Ihre ausdr\u00fcckliche Zustimmung nicht an Dritte weitergegeben. <br>\r\nWir weisen darauf hin, dass die Daten\u00fcbertragung im Internet (z.B. bei der Kommunikation per E-Mail) Sicherheitsl\u00fccken aufweisen kann. Ein l\u00fcckenloser Schutz der Daten vor dem Zugriff durch Dritte ist nicht m\u00f6glich. <br>\r\nDer Nutzung von im Rahmen der Impressumspflicht ver\u00f6ffentlichten Kontaktdaten durch Dritte zur \u00dcbersendung von nicht ausdr\u00fccklich angeforderter Werbung und Informationsmaterialien wird hiermit ausdr\u00fccklich widersprochen. Die Betreiber der Seiten behalten sich ausdr\u00fccklich rechtliche Schritte im Falle der unverlangten Zusendung von Werbeinformationen, etwa durch Spam-Mails, vor.<br>\r\n<br><br><strong>Google Analytics<\/strong><br><br>\r\nDiese Website benutzt Google Analytics, einen Webanalysedienst der Google Inc. (''Google''). Google Analytics verwendet sog. ''Cookies'', Textdateien, die auf Ihrem Computer gespeichert werden und die eine Analyse der Benutzung der Website durch Sie erm\u00f6glicht. Die durch den Cookie erzeugten Informationen \u00fcber Ihre Benutzung dieser Website (einschlie\u00dflich Ihrer IP-Adresse) wird an einen Server von Google in den USA \u00fcbertragen und dort gespeichert. Google wird diese Informationen benutzen, um Ihre Nutzung der Website auszuwerten, um Reports \u00fcber die Websiteaktivit\u00e4ten f\u00fcr die Websitebetreiber zusammenzustellen und um weitere mit der Websitenutzung und der Internetnutzung verbundene Dienstleistungen zu erbringen. Auch wird Google diese Informationen gegebenenfalls an Dritte \u00fcbertragen, sofern dies gesetzlich vorgeschrieben oder soweit Dritte diese Daten im Auftrag von Google verarbeiten. Google wird in keinem Fall Ihre IP-Adresse mit anderen Daten der Google in Verbindung bringen. Sie k\u00f6nnen die Installation der Cookies durch eine entsprechende Einstellung Ihrer Browser Software verhindern; wir weisen Sie jedoch darauf hin, dass Sie in diesem Fall gegebenenfalls nicht s\u00e4mtliche Funktionen dieser Website voll umf\u00e4nglich nutzen k\u00f6nnen. Durch die Nutzung dieser Website erkl\u00e4ren Sie sich mit der Bearbeitung der \u00fcber Sie erhobenen Daten durch Google in der zuvor beschriebenen Art und Weise und zu dem zuvor benannten Zweck einverstanden.<\/p><br> \r\nImpressum vom <a href=\"https:\/\/www.impressum-generator.de\">Impressum Generator<\/a> der <a href=\"https:\/\/www.kanzlei-hasselbach.de\/\">Kanzlei Hasselbach, Rechtsanw\u00e4lte f\u00fcr Arbeitsrecht und Familienrecht<\/a>\r\n <\/div>","_et_gb_content_width":"","wp_typography_post_enhancements_disabled":false,"footnotes":""},"class_list":["post-50617","page","type-page","status-publish","hentry"],"_links":{"self":[{"href":"https:\/\/synagoge-siegen.de\/de\/wp-json\/wp\/v2\/pages\/50617","targetHints":{"allow":["GET"]}}],"collection":[{"href":"https:\/\/synagoge-siegen.de\/de\/wp-json\/wp\/v2\/pages"}],"about":[{"href":"https:\/\/synagoge-siegen.de\/de\/wp-json\/wp\/v2\/types\/page"}],"author":[{"embeddable":true,"href":"https:\/\/synagoge-siegen.de\/de\/wp-json\/wp\/v2\/users\/2"}],"replies":[{"embeddable":true,"href":"https:\/\/synagoge-siegen.de\/de\/wp-json\/wp\/v2\/comments?post=50617"}],"version-history":[{"count":0,"href":"https:\/\/synagoge-siegen.de\/de\/wp-json\/wp\/v2\/pages\/50617\/revisions"}],"wp:attachment":[{"href":"https:\/\/synagoge-siegen.de\/de\/wp-json\/wp\/v2\/media?parent=50617"}],"curies":[{"name":"wp","href":"https:\/\/api.w.org\/{rel}","templated":true}]}}