{"id":51258,"date":"2021-11-29T11:34:35","date_gmt":"2021-11-29T10:34:35","guid":{"rendered":"https:\/\/synagoge-siegen.de\/?page_id=51258"},"modified":"2022-01-12T14:01:07","modified_gmt":"2022-01-12T13:01:07","slug":"feedback-und-kommentare","status":"publish","type":"page","link":"https:\/\/synagoge-siegen.de\/de\/die-virtuelle-rekonstruktion-der-siegener-synagoge\/feedback-und-kommentare","title":{"rendered":"Feedback und Kommentare"},"content":{"rendered":"<p>[et_pb_section fb_built=\u201e1\u201c module_id=\u201einfo\u201c _builder_version=\u201e4.9.4\u201c _module_preset=\u201edefault\u201c background_color=\u201e#99b2b7\u201c global_colors_info=\u201c{}\u201c][et_pb_row _builder_version=\u201e4.9.4\u201c _module_preset=\u201edefault\u201c global_colors_info=\u201c{}\u201c][et_pb_column type=\u201e4_4\u201c _builder_version=\u201e4.9.4\u201c _module_preset=\u201edefault\u201c global_colors_info=\u201c{}\u201c][et_pb_image src=\u201ehttps:\/\/synagoge-siegen.de\/wp-content\/uploads\/2021\/05\/Window.svg\u201c title_text=\u201eWindow\u201c align=\u201ecenter\u201c admin_label=\u201eIcon\u201c _builder_version=\u201e4.14.5\u201c _module_preset=\u201edefault\u201c width=\u201e15vw\u201c width_tablet=\u201c\u201c width_phone=\u201e20vw\u201c width_last_edited=\u201eon|desktop\u201c max_width=\u201e228px\u201c max_width_tablet=\u201c\u201c max_width_phone=\u201e300px\u201c max_width_last_edited=\u201eon|phone\u201c module_alignment=\u201ecenter\u201c hover_enabled=\u201e0\u201c global_colors_info=\u201c{}\u201c sticky_enabled=\u201e0\u201c][\/et_pb_image][et_pb_text _builder_version=\u201e4.14.1\u201c _module_preset=\u201edefault\u201c text_font=\u201c||||||||\u201c text_text_color=\u201c#FFFFFF\u201c header_font=\u201c|700||on|||||\u201c header_text_align=\u201ecenter\u201c header_letter_spacing=\u201e1px\u201c header_line_height=\u201e1.3em\u201c header_3_font=\u201c|300|||||||\u201c header_4_font=\u201c|300|||||||\u201c background_layout=\u201edark\u201c header_font_size_tablet=\u201c\u201c header_font_size_phone=\u201e24px\u201c header_font_size_last_edited=\u201eon|phone\u201c global_colors_info=\u201c{}\u201c]<\/p>\n<h1>Reaktionen auf die Veranstaltung<\/h1>\n<p>[\/et_pb_text][\/et_pb_column][\/et_pb_row][\/et_pb_section][et_pb_section fb_built=\u201e1\u201c _builder_version=\u201e4.9.4\u201c _module_preset=\u201edefault\u201c background_color=\u201c#bccacb\u201c global_colors_info=\u201c{}\u201c][et_pb_row _builder_version=\u201e4.14.1\u201c _module_preset=\u201edefault\u201c global_colors_info=\u201c{}\u201c][et_pb_column type=\u201e4_4\u201c _builder_version=\u201e4.14.1\u201c _module_preset=\u201edefault\u201c global_colors_info=\u201c{}\u201c][et_pb_text _builder_version=\u201e4.14.1\u201c _module_preset=\u201edefault\u201c text_font=\u201c||||||||\u201c text_text_color=\u201c#FFFFFF\u201c header_font=\u201c|700||on|||||\u201c header_text_align=\u201ecenter\u201c header_letter_spacing=\u201e1px\u201c header_line_height=\u201e1.3em\u201c header_3_font=\u201c|300|||||||\u201c header_4_font=\u201c|300|||||||\u201c background_layout=\u201edark\u201c header_font_size_tablet=\u201c\u201c header_font_size_phone=\u201e24px\u201c header_font_size_last_edited=\u201eon|phone\u201c header_2_font_size_tablet=\u201e20px\u201c header_2_font_size_phone=\u201e16px\u201c header_2_font_size_last_edited=\u201eon|phone\u201c global_colors_info=\u201c{}\u201c]<\/p>\n<h2>Feedback in Mails &amp; per WhatsApp an Gabriela &amp; Uwe von Seltmann (Auswahl)<\/h2>\n<p>[\/et_pb_text][\/et_pb_column][\/et_pb_row][et_pb_row column_structure=\u201e1_2,1_2\u201c _builder_version=\u201e4.14.1\u201c _module_preset=\u201edefault\u201c global_colors_info=\u201c{}\u201c][et_pb_column type=\u201e1_2\u201c _builder_version=\u201e4.9.4\u201c _module_preset=\u201edefault\u201c global_colors_info=\u201c{}\u201c][et_pb_blurb title=\u201eAuch im Iran \u201c icon_placement=\u201eleft\u201c _builder_version=\u201e4.14.1\u201c _module_preset=\u201edefault\u201c background_color=\u201c#FFFFFF\u201c custom_padding=\u201e0.5em||0.5em||true|false\u201c animation_style=\u201efade\u201c border_width_top=\u201e4px\u201c border_color_top=\u201ergba(255,255,255,0.49)\u201c global_colors_info=\u201c{}\u201c]<\/p>\n<p>Heute m\u00f6chte ich Ihnen nur sagen, dass ich das Video der Lightshow und einzelne Bilder zu \u201emeinem jungen, j\u00fcdischen Freund\u201c in Isfahan\/Iran gesandt habe und er alles aufmachen und sehen konnte, was nicht immer selbst\u00adver\u00adst\u00e4nd\u00adlich dort ist. Die Bilder hat er sogleich in seinem Status ver\u00f6f\u00adfent\u00adlicht,&nbsp;was bedeutet, dass nun auch in Iran Ihre wunder\u00adbare Arbeit und der Einsatz gegen das Vergessen der deutsch-j\u00fcdischen Geschichte bekannt wird.<\/p>\n<p><em>Frau aus Hilchen\u00adbach per Mail an&nbsp;GvS<\/em><\/p>\n<p>[\/et_pb_blurb][et_pb_blurb title=\u201eHimmlisches Klagen\u201c icon_placement=\u201eleft\u201c _builder_version=\u201e4.14.1\u201c _module_preset=\u201edefault\u201c background_color=\u201c#FFFFFF\u201c custom_padding=\u201e0.5em||0.5em||true|false\u201c animation_style=\u201efade\u201c border_width_top=\u201e4px\u201c border_color_top=\u201ergba(255,255,255,0.49)\u201c global_colors_info=\u201c{}\u201c]<\/p>\n<p>Ich fand den Gesang geradezu himmlisch sch\u00f6n: Wie ein Weinen und Trauern um die Synagoge (\u2026) Ja, es war wie ein himm\u00adli\u00adsches Klagen. (\u2026) Gibt es eine Aufnahme der Rekon\u00adstruk\u00adtion, gibt es eine CD, DVD, die man erwerben kann?<\/p>\n<p><em>Frau aus Siegen per E\u2011Mail an&nbsp;UvS<\/em><\/p>\n<p>[\/et_pb_blurb][et_pb_blurb title=\u201eZu Herzen\u201c icon_placement=\u201eleft\u201c _builder_version=\u201e4.14.1\u201c _module_preset=\u201edefault\u201c background_color=\u201c#FFFFFF\u201c custom_padding=\u201e0.5em||0.5em||true|false\u201c animation_style=\u201efade\u201c border_width_top=\u201e4px\u201c border_color_top=\u201ergba(255,255,255,0.49)\u201c global_colors_info=\u201c{}\u201c]<\/p>\n<p>Jeder der das gesehen hat, war ergriffen. Und wird es nie vergessen und f\u00fcr alle, die das sahen, hat das Thema dadurch sehr gewonnen, wenn ich das einmal so locker sagen darf. Das ging einfach so zu Herzen.<\/p>\n<p><em>Frau aus Siegen per E\u2011Mail an&nbsp;UvS<\/em><\/p>\n<p>[\/et_pb_blurb][et_pb_blurb title=\u201eSuper\u201c icon_placement=\u201eleft\u201c _builder_version=\u201e4.14.1\u201c _module_preset=\u201edefault\u201c background_color=\u201c#FFFFFF\u201c custom_padding=\u201e0.5em||0.5em||true|false\u201c animation_style=\u201efade\u201c border_width_top=\u201e4px\u201c border_color_top=\u201ergba(255,255,255,0.49)\u201c global_colors_info=\u201c{}\u201c]<\/p>\n<p>Gratu\u00adla\u00adtion zur Aktion in Siegen, vor allem auch an Gabriela! Super!<\/p>\n<p><em>Mann aus Blaustein per WhatsApp an&nbsp;UvS<\/em><\/p>\n<p>[\/et_pb_blurb][et_pb_blurb title=\u201eArt and Love\u201c icon_placement=\u201eleft\u201c _builder_version=\u201e4.14.1\u201c _module_preset=\u201edefault\u201c background_color=\u201c#FFFFFF\u201c custom_padding=\u201e0.5em||0.5em||true|false\u201c animation_style=\u201efade\u201c border_width_top=\u201e4px\u201c border_color_top=\u201ergba(255,255,255,0.49)\u201c global_colors_info=\u201c{}\u201c]<\/p>\n<p>Dear Gabriela, dear Uwe, thank you so much for this instal\u00adla\u00adtion. It was a very very emotional repre\u00adsen\u00adta\u00adtion of jewish life and faith in Siegen and Warschau and Europe at all. I could feel the wound caused by german fascism, that only art and love is able to heal \u2013 your art and love and memory. Thank&nbsp;you!<\/p>\n<p><em>Ehepaar aus Hilchen\u00adbach per WhatsApp an&nbsp;UvS<\/em><\/p>\n<p>[\/et_pb_blurb][et_pb_blurb title=\u201eBeindruckt\u201c icon_placement=\u201eleft\u201c _builder_version=\u201e4.14.1\u201c _module_preset=\u201edefault\u201c background_color=\u201c#FFFFFF\u201c custom_padding=\u201e0.5em||0.5em||true|false\u201c animation_style=\u201efade\u201c border_width_top=\u201e4px\u201c border_color_top=\u201ergba(255,255,255,0.49)\u201c global_colors_info=\u201c{}\u201c]<\/p>\n<p>Grad kommen wir virtuell aus Siegen zur\u00fcck in A(\u2026)s Berliner Wohn\u00adzimmer und sind sehr beein\u00addruckt von Gabis Arbeit!<\/p>\n<p><em>Familie aus Berlin per E\u2011Mail an&nbsp;UvS<\/em><\/p>\n<p>[\/et_pb_blurb][\/et_pb_column][et_pb_column type=\u201e1_2\u201c _builder_version=\u201e4.9.4\u201c _module_preset=\u201edefault\u201c global_colors_info=\u201c{}\u201c][et_pb_blurb title=\u201eWie gebannt\u201c icon_placement=\u201eleft\u201c _builder_version=\u201e4.14.1\u201c _module_preset=\u201edefault\u201c background_color=\u201c#FFFFFF\u201c custom_padding=\u201e0.5em||0.5em||true|false\u201c animation_style=\u201efade\u201c border_width_top=\u201e4px\u201c border_color_top=\u201ergba(255,255,255,0.49)\u201c global_colors_info=\u201c{}\u201c]<\/p>\n<p>Ich war bei der virtu\u00adellen Rekon\u00adstruk\u00adtion der Siegener Synagoge zu Gast und war wie alle, die um uns standen, beein\u00addruckt und ergriffen. Keiner sprach mehr ein Wort, alle waren wie gebannt. Es war eine unver\u00adgleich\u00adlich ergrei\u00adfende Atmo\u00adsph\u00e4re. Eine Dame neben uns meinte, ich zittere nicht vor K\u00e4lte, sondern vor Ergrif\u00adfen\u00adheit und vor der Dramatik.<br><em>Frau aus Siegen per E\u2011Mail an&nbsp;UvS<\/em><\/p>\n<p>[\/et_pb_blurb][et_pb_blurb title=\u201eUnvergesslich\u201c icon_placement=\u201eleft\u201c _builder_version=\u201e4.14.1\u201c _module_preset=\u201edefault\u201c background_color=\u201c#FFFFFF\u201c custom_padding=\u201e0.5em||0.5em||true|false\u201c animation_style=\u201efade\u201c border_width_top=\u201e4px\u201c border_color_top=\u201ergba(255,255,255,0.49)\u201c global_colors_info=\u201c{}\u201c]<\/p>\n<p>Ich muss nochmal betonen, wie wunderbar es war. Es waren ganz viele Siegener da, was ich auch als gutes Statement sah und fast ein bisschen stolz auf die Siegener war. Gerade in diesen Zeiten ist es einfach wichtig, bei solch einer Veran\u00adstal\u00adtung Pr\u00e4senz zu zeigen. Um uns herum, auf der Stra\u00dfe, vor dem Platz der Synagoge, im Parkhaus \u2026 \u00fcberall waren Menschen. Es war unver\u00adgleich\u00adlich und unver\u00adgess\u00adlich. Ich habe selten etwas erlebt, was mich auf diese Weise ergriffen hat.<br><em>Frau aus Siegen per E\u2011Mail an&nbsp;UvS<\/em><\/p>\n<p>[\/et_pb_blurb][et_pb_blurb title=\u201eToll gemacht\u201c icon_placement=\u201eleft\u201c _builder_version=\u201e4.14.1\u201c _module_preset=\u201edefault\u201c background_color=\u201c#FFFFFF\u201c custom_padding=\u201e0.5em||0.5em||true|false\u201c animation_style=\u201efade\u201c border_width_top=\u201e4px\u201c border_color_top=\u201ergba(255,255,255,0.49)\u201c global_colors_info=\u201c{}\u201c]<\/p>\n<p>Es ist sehr bewegend (\u2026), ihr habt es wirklich ganz ganz toll gemacht! Sh\u2019koyekh! Ikh nem aykh beyde&nbsp;arum.<\/p>\n<p><em>Frau aus Berlin per E\u2011Mail an&nbsp;UvS<\/em><\/p>\n<p>[\/et_pb_blurb][et_pb_blurb title=\u201eBewegend\u201c icon_placement=\u201eleft\u201c _builder_version=\u201e4.14.1\u201c _module_preset=\u201edefault\u201c background_color=\u201c#FFFFFF\u201c custom_padding=\u201e0.5em||0.5em||true|false\u201c animation_style=\u201efade\u201c border_width_top=\u201e4px\u201c border_color_top=\u201ergba(255,255,255,0.49)\u201c global_colors_info=\u201c{}\u201c]<\/p>\n<p>Es war ein bewe\u00adgendes Erlebnis.<\/p>\n<p><em>Mann aus Siegen per E\u2011Mail an&nbsp;UvS<\/em><\/p>\n<p>[\/et_pb_blurb][et_pb_blurb title=\u201eDankbar\u201c icon_placement=\u201eleft\u201c _builder_version=\u201e4.14.1\u201c _module_preset=\u201edefault\u201c background_color=\u201c#FFFFFF\u201c custom_padding=\u201e0.5em||0.5em||true|false\u201c animation_style=\u201efade\u201c border_width_top=\u201e4px\u201c border_color_top=\u201ergba(255,255,255,0.49)\u201c global_colors_info=\u201c{}\u201c]<\/p>\n<p>Wir sind sehr dankbar f\u00fcr diese eindrucks\u00advolle Veran\u00adstal\u00adtung und haben uns \u00fcber die vielen Menschen gefreut.<\/p>\n<p><em>Ehepaar aus Hilchen\u00adbach per WhatsApp an&nbsp;UvS<\/em><\/p>\n<p>[\/et_pb_blurb][et_pb_blurb title=\u201eCool\u201c icon_placement=\u201eleft\u201c _builder_version=\u201e4.14.1\u201c _module_preset=\u201edefault\u201c background_color=\u201c#FFFFFF\u201c custom_padding=\u201e0.5em||0.5em||true|false\u201c animation_style=\u201efade\u201c border_width_top=\u201e4px\u201c border_color_top=\u201ergba(255,255,255,0.49)\u201c global_colors_info=\u201c{}\u201c]<\/p>\n<p>Es war eine sehr gelungene, coole Aktion! Tolles Projekt!<\/p>\n<p><em>Mann aus Hilchen\u00adbach per WhatsApp an&nbsp;UvS<\/em><\/p>\n<p>[\/et_pb_blurb][et_pb_blurb title=\u201eM\u00fchevolle Arbeit\u201c icon_placement=\u201eleft\u201c _builder_version=\u201e4.14.1\u201c _module_preset=\u201edefault\u201c background_color=\u201c#FFFFFF\u201c custom_padding=\u201e0.5em||0.5em||true|false\u201c animation_style=\u201efade\u201c border_width_top=\u201e4px\u201c border_color_top=\u201ergba(255,255,255,0.49)\u201c global_colors_info=\u201c{}\u201c]<\/p>\n<p>Ein herz\u00adli\u00adches Danke\u00adsch\u00f6n f\u00fcr Ihre m\u00fchevolle Arbeit der Licht\u00adin\u00adstal\u00adla\u00adtion der alten Siegener Synagoge!<\/p>\n<p><em>\u2028Frau aus Sprock\u00adh\u00f6vel per E\u2011Mail an UvS (erz\u00e4hlt dann ihre gesamte Lebensgeschichte)<\/em><\/p>\n<p>[\/et_pb_blurb][\/et_pb_column][\/et_pb_row][\/et_pb_section][et_pb_section fb_built=\u201e1\u201c _builder_version=\u201e4.14.1\u201c _module_preset=\u201edefault\u201c background_color=\u201c#FFFFFF\u201c global_colors_info=\u201c{}\u201c][et_pb_row _builder_version=\u201e4.14.1\u201c _module_preset=\u201edefault\u201c global_colors_info=\u201c{}\u201c][et_pb_column type=\u201e4_4\u201c _builder_version=\u201e4.14.1\u201c _module_preset=\u201edefault\u201c global_colors_info=\u201c{}\u201c][et_pb_text _builder_version=\u201e4.14.1\u201c _module_preset=\u201edefault\u201c header_2_text_color=\u201ergba(0,0,0,0.74)\u201c global_colors_info=\u201c{}\u201c]<\/p>\n<h2>Reaktionen auf versch. Facebook-Seiten von GvS &amp;&nbsp;UvS<\/h2>\n<p>&nbsp;<\/p>\n<p>[\/et_pb_text][\/et_pb_column][\/et_pb_row][et_pb_row column_structure=\u201e1_3,1_3,1_3\u201c _builder_version=\u201e4.14.1\u201c _module_preset=\u201edefault\u201c global_colors_info=\u201c{}\u201c][et_pb_column type=\u201e1_3\u201c _builder_version=\u201e4.14.1\u201c _module_preset=\u201edefault\u201c global_colors_info=\u201c{}\u201c][et_pb_text _builder_version=\u201e4.14.1\u201c _module_preset=\u201edefault\u201c global_colors_info=\u201c{}\u201c]<\/p>\n<p>Mazel tov!<br><em>Zahl\u00adreiche User, z.B. aus Israel, Italien, Ukraine, USA<\/em><\/p>\n<p>It was abso\u00adlutely breath\u00adta\u00adking. Let love be the message! Always<br><em>Frau, Schweden<\/em><\/p>\n<p>As always brilliant! And so, so needed<br><em>Frau, USA<\/em><\/p>\n<p>\u201eMay memory and love overcome destruc\u00adtion and death.\u201c Omeyn. Thank you<br><em>Frau, USA<\/em><\/p>\n<p>It was beau\u00adtifully layered and so moving \u2026 the visuals and singing \u2026 huge kudos!<br><em>Frau, USA<\/em><\/p>\n<p>Bravo! It was wonderful and so meaningful! Thank you for devoting your crea\u00adti\u00advity, talents and heart to such an important and inspi\u00adra\u00adtional project!<br><em>Mann, USA<\/em><\/p>\n<p>Thank you so much! It was a great and deep moment of memory. No to anti\u00adse\u00admi\u00adtism all over the world!<br><em>Mann, Deutsch\u00adland<\/em><\/p>\n<p>&nbsp;<\/p>\n<p>&nbsp;<\/p>\n<p>[\/et_pb_text][\/et_pb_column][et_pb_column type=\u201e1_3\u201c _builder_version=\u201e4.14.1\u201c _module_preset=\u201edefault\u201c global_colors_info=\u201c{}\u201c][et_pb_text _builder_version=\u201e4.14.1\u201c _module_preset=\u201edefault\u201c global_colors_info=\u201c{}\u201c]<\/p>\n<p>So moving!<br><em>Frau, Israel<\/em><\/p>\n<p>Terrific news. Well done.<br><em>Mann, Israel<\/em><\/p>\n<p>Just amazing \u2026<br><em>Frau, Frank\u00adreich<\/em><\/p>\n<p>Fabulous Instal\u00adla\u00adtions! Wonderful music \u2026<br><em>Frau, Deutsch\u00adland<\/em><\/p>\n<p>It looks fantastic. People must have been over\u00adwhelmed with emotions.<br><em>Frau, Serbien<\/em><\/p>\n<p>It was so moving to see \u2026 yes love is the way \u2026 and acknow\u00adled\u00adging and honoring our past.<br><em>Frau, USA<\/em><\/p>\n<p>So great and touching<br><em>Frau, Belgien<\/em><\/p>\n<p>Naprawd\u0119 pi\u0119kne i symbo\u00adliczne by\u0142y te obie prezent\u00adacje, wzrus\u00adza\u00adj\u0105ce ale i daj\u0105ce do my\u015blenia \u2026 wszystkim widzom bardzo si\u0119 podoba\u0142o, robi\u0142o wra\u017cenie, inic\u00adjo\u00adwa\u0142o rozmowy \u2026<br>Beide Pr\u00e4sen\u00adta\u00adtionen waren wirklich sch\u00f6n und symbo\u00adlisch, bewegend, aber auch zum Nach\u00addenken anregend \u2026 allen Zuschauern hat es sehr gut gefallen, es hat Eindruck gemacht, Gespr\u00e4che angeregt \u2026<br><em>Frau, Polen<\/em><\/p>\n<p>&nbsp;<\/p>\n<p>[\/et_pb_text][\/et_pb_column][et_pb_column type=\u201e1_3\u201c _builder_version=\u201e4.14.1\u201c _module_preset=\u201edefault\u201c global_colors_info=\u201c{}\u201c][et_pb_text _builder_version=\u201e4.14.1\u201c _module_preset=\u201edefault\u201c global_colors_info=\u201c{}\u201c]<\/p>\n<p>Dobra robota i wdodatku bardzo wa\u017cna ze wzgl\u0119du histo\u00adrycz\u00adnych<br>Gut gemacht und zudem aus histo\u00adri\u00adschen Gr\u00fcnden sehr wichtig<br><em>Mann, Polen<\/em><\/p>\n<p>Es hat mich sehr ber\u00fchrt.<br><em>Mann, Deutsch\u00adland<\/em><\/p>\n<p>Incre\u00addible! (\u2026) You made magic again.<br><em>Frau, USA<\/em><\/p>\n<p>Es war unglaub\u00adlich, gestern am Bunker am Ober\u00adgraben.<br><em>Frau, Deutsch\u00adland<\/em><\/p>\n<p>Wonderful project<br><em>Mann, USA<\/em><\/p>\n<p>Es war ein sehr bewe\u00adgender Abend! Danke<br><em>Mann, Deutsch\u00adland<\/em><\/p>\n<p>Eine wunder\u00adbare Veran\u00adstal\u00adtung!<br><em>Frau, Polen<\/em><\/p>\n<p>Tolle Illu\u00admi\u00adna\u00adtion!<br><em>Frau, Deutsch\u00adland<\/em><\/p>\n<p>Ich gratu\u00adliere zu diesem Event.<br><em>Mann, Deutsch\u00adland<\/em><\/p>\n<p>[\/et_pb_text][\/et_pb_column][\/et_pb_row][et_pb_row _builder_version=\u201e4.14.1\u201c _module_preset=\u201edefault\u201c global_colors_info=\u201c{}\u201c][et_pb_column type=\u201e4_4\u201c _builder_version=\u201e4.14.1\u201c _module_preset=\u201edefault\u201c global_colors_info=\u201c{}\u201c][et_pb_text _builder_version=\u201e4.14.1\u201c _module_preset=\u201edefault\u201c text_font=\u201eMiriam Libre||||||||\u201c text_font_size=\u201e1em\u201c global_colors_info=\u201c{}\u201c]<\/p>\n<p style=\"text-align: right;\">UvS, zusam\u00admen\u00adge\u00adstellt am 27.\/28.11.2021<\/p>\n<p>[\/et_pb_text][\/et_pb_column][\/et_pb_row][\/et_pb_section][et_pb_section fb_built=\u201e1\u201c _builder_version=\u201e4.9.4\u201c _module_preset=\u201edefault\u201c background_color=\u201c#bccacb\u201c global_colors_info=\u201c{}\u201c][et_pb_row _builder_version=\u201e4.14.1\u201c _module_preset=\u201edefault\u201c global_colors_info=\u201c{}\u201c][et_pb_column type=\u201e4_4\u201c _builder_version=\u201e4.14.1\u201c _module_preset=\u201edefault\u201c global_colors_info=\u201c{}\u201c][et_pb_text _builder_version=\u201e4.14.1\u201c _module_preset=\u201edefault\u201c global_colors_info=\u201c{}\u201c]<\/p>\n<h2>Reaktionen auf Facebook-Seite der WDR-Lokalzeit (Auswahl)<\/h2>\n<p>&nbsp;<\/p>\n<p>[\/et_pb_text][\/et_pb_column][\/et_pb_row][et_pb_row column_structure=\u201e1_2,1_2\u201c _builder_version=\u201e4.14.1\u201c _module_preset=\u201edefault\u201c global_colors_info=\u201c{}\u201c][et_pb_column type=\u201e1_2\u201c _builder_version=\u201e4.14.1\u201c _module_preset=\u201edefault\u201c global_colors_info=\u201c{}\u201c][et_pb_blurb icon_placement=\u201eleft\u201c _builder_version=\u201e4.14.1\u201c _module_preset=\u201edefault\u201c background_color=\u201c#FFFFFF\u201c custom_padding=\u201e0.5em||0.5em||true|false\u201c animation_style=\u201efade\u201c border_width_top=\u201e4px\u201c border_color_top=\u201ergba(255,255,255,0.49)\u201c global_colors_info=\u201c{}\u201c]<\/p>\n<ul>\n<li>10.000 views<\/li>\n<li>195 Likes,<\/li>\n<li>14 Comments<\/li>\n<\/ul>\n<p>[\/et_pb_blurb][et_pb_blurb icon_placement=\u201eleft\u201c _builder_version=\u201e4.14.1\u201c _module_preset=\u201edefault\u201c background_color=\u201c#FFFFFF\u201c custom_padding=\u201e0.5em||0.5em||true|false\u201c animation_style=\u201efade\u201c border_width_top=\u201e4px\u201c border_color_top=\u201ergba(255,255,255,0.49)\u201c global_colors_info=\u201c{}\u201c]<\/p>\n<p>Sagenhaft sch\u00f6n<\/p>\n<p><em>Frau<\/em><\/p>\n<p>[\/et_pb_blurb][\/et_pb_column][et_pb_column type=\u201e1_2\u201c _builder_version=\u201e4.14.1\u201c _module_preset=\u201edefault\u201c global_colors_info=\u201c{}\u201c][et_pb_blurb icon_placement=\u201eleft\u201c _builder_version=\u201e4.14.1\u201c _module_preset=\u201edefault\u201c background_color=\u201c#FFFFFF\u201c custom_padding=\u201e0.5em||0.5em||true|false\u201c animation_style=\u201efade\u201c border_width_top=\u201e4px\u201c border_color_top=\u201ergba(255,255,255,0.49)\u201c global_colors_info=\u201c{}\u201c]<\/p>\n<p>Es war beeindruckend!<\/p>\n<p><em>Frau<\/em><\/p>\n<p>[\/et_pb_blurb][et_pb_blurb icon_placement=\u201eleft\u201c _builder_version=\u201e4.14.1\u201c _module_preset=\u201edefault\u201c background_color=\u201c#FFFFFF\u201c custom_padding=\u201e0.5em||0.5em||true|false\u201c animation_style=\u201efade\u201c border_width_top=\u201e4px\u201c border_color_top=\u201ergba(255,255,255,0.49)\u201c global_colors_info=\u201c{}\u201c]<\/p>\n<p>DUMM (\u2026) Dass man immer daran erinnern muss&nbsp; (\u2026) Also soll man IMMER die Schuld tragen bzw. immer f\u00fcr dieses schuldig sein obwohl die Gene\u00adra\u00adtionen dieser Zeit fast alle verstorben sind? Logisch.<\/p>\n<p><em>Mann<\/em><\/p>\n<p>[\/et_pb_blurb][\/et_pb_column][\/et_pb_row][\/et_pb_section][et_pb_section fb_built=\u201e1\u201c admin_label=\u201eMaking Of\u201c _builder_version=\u201e4.11.4\u201c _module_preset=\u201edefault\u201c background_color=\u201c#4f666b\u201c link_option_url=\u201ehttps:\/\/youtu.be\/1U7feKSJeg8\u201c global_colors_info=\u201c{}\u201c][et_pb_row _builder_version=\u201e4.9.4\u201c _module_preset=\u201edefault\u201c global_colors_info=\u201c{}\u201c][et_pb_column type=\u201e4_4\u201c _builder_version=\u201e4.9.4\u201c _module_preset=\u201edefault\u201c global_colors_info=\u201c{}\u201c][et_pb_text admin_label=\u201eMaking-of-Video\u201c _builder_version=\u201e4.11.4\u201c _module_preset=\u201edefault\u201c text_font=\u201eMiriam Libre||||||||\u201c text_text_color=\u201c#FFFFFF\u201c header_3_font=\u201c|300|||||||\u201c header_4_font=\u201c|300|||||||\u201c header_4_text_align=\u201ecenter\u201c text_orientation=\u201ecenter\u201c background_layout=\u201edark\u201c link_option_url=\u201ehttps:\/\/youtu.be\/yLvkfbA0950\u201c link_option_url_new_window=\u201eon\u201c header_4_font_size_tablet=\u201c\u201c header_4_font_size_phone=\u201e14px\u201c header_4_font_size_last_edited=\u201eon|phone\u201c global_colors_info=\u201c{}\u201c]<\/p>\n<h4>Blick hinter die <a title=\"Kulisse (B\u00fchne)\" href=\"https:\/\/de.wikipedia.org\/wiki\/Kulisse_(B%C3%BChne)\" rel=\"nofollow noopener\" target=\"_blank\">Kulissen<\/a>: Virtuelle Rekonstruktion der Siegener Synagoge (Making of)<\/h4>\n<p>[\/et_pb_text][\/et_pb_column][\/et_pb_row][et_pb_row column_structure=\u201e1_5,3_5,1_5\u201c _builder_version=\u201e4.11.4\u201c _module_preset=\u201edefault\u201c global_colors_info=\u201c{}\u201c][et_pb_column type=\u201e1_5\u201c _builder_version=\u201e4.11.4\u201c _module_preset=\u201edefault\u201c global_colors_info=\u201c{}\u201c][\/et_pb_column][et_pb_column type=\u201e3_5\u201c _builder_version=\u201e4.11.4\u201c _module_preset=\u201edefault\u201c global_colors_info=\u201c{}\u201c][et_pb_video src=\u201ehttps:\/\/www.youtube.com\/watch?v=1U7feKSJeg8\u201c admin_label=\u201eMaking-of-Video\u201c _builder_version=\u201e4.11.4\u201c _module_preset=\u201edefault\u201c module_alignment=\u201ecenter\u201c animation_style=\u201efade\u201c db_limit_youtube_related_videos_to_same_channel=\u201eon\u201c global_colors_info=\u201c{}\u201c][\/et_pb_video][\/et_pb_column][et_pb_column type=\u201e1_5\u201c _builder_version=\u201e4.11.4\u201c _module_preset=\u201edefault\u201c global_colors_info=\u201c{}\u201c][\/et_pb_column][\/et_pb_row][\/et_pb_section]<\/p>\n","protected":false},"excerpt":{"rendered":"<p>Reak\u00adtionen auf die Veran\u00adstal\u00adtung\u00adFeed\u00adback in Mails &amp; per WhatsApp an Gabriela &amp; Uwe von Seltmann (Auswahl)Heute m\u00f6chte ich Ihnen nur sagen, dass ich das Video der Lightshow und einzelne Bilder zu \u201emeinem jungen, j\u00fcdischen Freund\u201c in Isfahan\/Iran gesandt habe und er alles aufmachen und sehen konnte, was nicht immer selbst\u00adver\u00adst\u00e4nd\u00adlich dort ist. Die Bilder hat&nbsp;[\u2026]<\/p>\n","protected":false},"author":2,"featured_media":0,"parent":50364,"menu_order":0,"comment_status":"closed","ping_status":"closed","template":"","meta":{"_et_pb_use_builder":"on","_et_pb_old_content":"","_et_gb_content_width":"","wp_typography_post_enhancements_disabled":false,"footnotes":""},"class_list":["post-51258","page","type-page","status-publish","hentry"],"_links":{"self":[{"href":"https:\/\/synagoge-siegen.de\/de\/wp-json\/wp\/v2\/pages\/51258","targetHints":{"allow":["GET"]}}],"collection":[{"href":"https:\/\/synagoge-siegen.de\/de\/wp-json\/wp\/v2\/pages"}],"about":[{"href":"https:\/\/synagoge-siegen.de\/de\/wp-json\/wp\/v2\/types\/page"}],"author":[{"embeddable":true,"href":"https:\/\/synagoge-siegen.de\/de\/wp-json\/wp\/v2\/users\/2"}],"replies":[{"embeddable":true,"href":"https:\/\/synagoge-siegen.de\/de\/wp-json\/wp\/v2\/comments?post=51258"}],"version-history":[{"count":3,"href":"https:\/\/synagoge-siegen.de\/de\/wp-json\/wp\/v2\/pages\/51258\/revisions"}],"predecessor-version":[{"id":51327,"href":"https:\/\/synagoge-siegen.de\/de\/wp-json\/wp\/v2\/pages\/51258\/revisions\/51327"}],"up":[{"embeddable":true,"href":"https:\/\/synagoge-siegen.de\/de\/wp-json\/wp\/v2\/pages\/50364"}],"wp:attachment":[{"href":"https:\/\/synagoge-siegen.de\/de\/wp-json\/wp\/v2\/media?parent=51258"}],"curies":[{"name":"wp","href":"https:\/\/api.w.org\/{rel}","templated":true}]}}