{"id":71,"date":"2021-05-29T14:08:19","date_gmt":"2021-05-29T12:08:19","guid":{"rendered":"https:\/\/synagoge-siegen.de\/?page_id=71"},"modified":"2024-06-29T09:53:31","modified_gmt":"2024-06-29T07:53:31","slug":"startseite","status":"publish","type":"page","link":"https:\/\/synagoge-siegen.de\/de","title":{"rendered":"Startseite"},"content":{"rendered":"<p>[et_pb_section fb_built=\u201e1\u201c module_id=\u201einfo\u201c _builder_version=\u201e4.16\u201c _module_preset=\u201edefault\u201c background_color=\u201e#99b2b7\u201c global_colors_info=\u201c{}\u201c][et_pb_row _builder_version=\u201e4.16\u201c _module_preset=\u201edefault\u201c global_colors_info=\u201c{}\u201c][et_pb_column type=\u201e4_4\u201c _builder_version=\u201e4.16\u201c _module_preset=\u201edefault\u201c global_colors_info=\u201c{}\u201c][et_pb_image src=\u201ehttps:\/\/synagoge-siegen.de\/wp-content\/uploads\/2021\/05\/Window.svg\u201c title_text=\u201eWindow\u201c _builder_version=\u201e4.16\u201c _module_preset=\u201edefault\u201c width=\u201e15%\u201c width_tablet=\u201c\u201c width_phone=\u201e30vw\u201c width_last_edited=\u201eon|phone\u201c max_width=\u201e300px\u201c module_alignment=\u201ecenter\u201c global_colors_info=\u201c{}\u201c][\/et_pb_image][et_pb_text _builder_version=\u201e4.16\u201c _module_preset=\u201edefault\u201c text_text_color=\u201c#FFFFFF\u201c header_3_font=\u201c|300|||||||\u201c header_4_font=\u201c|300|||||||\u201c header_4_text_align=\u201ecenter\u201c background_layout=\u201edark\u201c header_4_font_size_tablet=\u201c\u201c header_4_font_size_phone=\u201e14px\u201c header_4_font_size_last_edited=\u201eon|phone\u201c global_colors_info=\u201c{}\u201c]<\/p>\n<h4>Die <a href=\"https:\/\/www.cjz-siegen.de\/\" target=\"_blank\" rel=\"noopener nofollow\">Gesellschaft f\u00fcr Christlich-J\u00fcdische Zusammenarbeit Siegerland&nbsp;e.V.<\/a><br>pr\u00e4sentiert am 9.&nbsp;November 2021 im Rahmen des Jubil\u00e4umsjahres<br>\u201e1700 Jahre j\u00fcdisches Leben in Deutschland\u201c die<\/h4>\n<p>[\/et_pb_text][et_pb_text _builder_version=\u201e4.16\u201c _module_preset=\u201edefault\u201c text_font=\u201c||||||||\u201c text_text_color=\u201c#FFFFFF\u201c header_font=\u201c|700||on|||||\u201c header_text_align=\u201ecenter\u201c header_letter_spacing=\u201e1px\u201c header_line_height=\u201e1.3em\u201c header_3_font=\u201c|300|||||||\u201c header_4_font=\u201c|300|||||||\u201c background_layout=\u201edark\u201c header_font_size_tablet=\u201c\u201c header_font_size_phone=\u201e24px\u201c header_font_size_last_edited=\u201eon|phone\u201c global_colors_info=\u201c{}\u201c]<\/p>\n<h1>Virtuelle Rekonstruktion der Siegener&nbsp;Synagoge<\/h1>\n<p>[\/et_pb_text][et_pb_text admin_label=\u201eOrt\u201c _builder_version=\u201e4.16\u201c _module_preset=\u201edefault\u201c text_font=\u201eMiriam Libre|700|||||||\u201c text_text_color=\u201ergba(255,255,255,0.6)\u201c header_3_font=\u201c|300|||||||\u201c header_4_font=\u201c|300|||||||\u201c header_4_text_align=\u201ecenter\u201c text_orientation=\u201ecenter\u201c background_layout=\u201edark\u201c text_font_size_tablet=\u201e18px\u201c text_font_size_phone=\u201e14px\u201c text_font_size_last_edited=\u201eon|phone\u201c header_4_font_size_tablet=\u201c\u201c header_4_font_size_phone=\u201e14px\u201c header_4_font_size_last_edited=\u201eon|phone\u201c global_colors_info=\u201c{}\u201c]<\/p>\n<h4><strong>Ort:<\/strong> Au\u00dfenwand des Bunkers (Aktives Museum S\u00fcdwestfalen), Obergraben 10, Siegen<\/h4>\n<p>[\/et_pb_text][et_pb_text admin_label=\u201eZeit\u201c _builder_version=\u201e4.16\u201c _module_preset=\u201edefault\u201c text_font=\u201eMiriam Libre||||||||\u201c text_text_color=\u201c#FFFFFF\u201c header_3_font=\u201c|300|||||||\u201c header_4_font=\u201c|300|||||||\u201c header_4_text_align=\u201ecenter\u201c text_orientation=\u201ecenter\u201c background_layout=\u201edark\u201c header_4_font_size_tablet=\u201c\u201c header_4_font_size_phone=\u201e14px\u201c header_4_font_size_last_edited=\u201eon|phone\u201c global_colors_info=\u201c{}\u201c]<\/p>\n<h4><strong>Zeit:<\/strong> Dienstag, 9.&nbsp;November 2021, 18:00\u201321:30 Uhr<\/h4>\n<p>[\/et_pb_text][\/et_pb_column][\/et_pb_row][\/et_pb_section][et_pb_section fb_built=\u201e1\u201c admin_label=\u201eVideo\u201c _builder_version=\u201e4.16\u201c _module_preset=\u201edefault\u201c background_color=\u201c#4f666b\u201c global_colors_info=\u201c{}\u201c][et_pb_row _builder_version=\u201e4.16\u201c _module_preset=\u201edefault\u201c global_colors_info=\u201c{}\u201c][et_pb_column type=\u201e4_4\u201c _builder_version=\u201e4.16\u201c _module_preset=\u201edefault\u201c global_colors_info=\u201c{}\u201c][et_pb_text admin_label=\u201eZeit\u201c _builder_version=\u201e4.16\u201c _module_preset=\u201edefault\u201c text_font=\u201eMiriam Libre||||||||\u201c text_text_color=\u201c#FFFFFF\u201c header_3_font=\u201c|300|||||||\u201c header_4_font=\u201c|300|||||||\u201c header_4_text_align=\u201ecenter\u201c text_orientation=\u201ecenter\u201c background_layout=\u201edark\u201c link_option_url=\u201ehttps:\/\/youtu.be\/yLvkfbA0950\u201c link_option_url_new_window=\u201eon\u201c header_4_font_size_tablet=\u201c\u201c header_4_font_size_phone=\u201e14px\u201c header_4_font_size_last_edited=\u201eon|phone\u201c global_colors_info=\u201c{}\u201c]<\/p>\n<h4>Video: Virtuelle Rekonstruktion der Siegener Synagoge<\/h4>\n<p>[\/et_pb_text][\/et_pb_column][\/et_pb_row][et_pb_row column_structure=\u201e1_5,3_5,1_5\u201c _builder_version=\u201e4.16\u201c _module_preset=\u201edefault\u201c global_colors_info=\u201c{}\u201c][et_pb_column type=\u201e1_5\u201c _builder_version=\u201e4.16\u201c _module_preset=\u201edefault\u201c global_colors_info=\u201c{}\u201c][\/et_pb_column][et_pb_column type=\u201e3_5\u201c _builder_version=\u201e4.16\u201c _module_preset=\u201edefault\u201c global_colors_info=\u201c{}\u201c][et_pb_video src=\u201ehttps:\/\/youtu.be\/yLvkfbA0950\u201c _builder_version=\u201e4.16\u201c _module_preset=\u201edefault\u201c module_alignment=\u201ecenter\u201c animation_style=\u201efade\u201c db_limit_youtube_related_videos_to_same_channel=\u201eon\u201c global_colors_info=\u201c{}\u201c][\/et_pb_video][\/et_pb_column][et_pb_column type=\u201e1_5\u201c _builder_version=\u201e4.16\u201c _module_preset=\u201edefault\u201c global_colors_info=\u201c{}\u201c][\/et_pb_column][\/et_pb_row][et_pb_row _builder_version=\u201e4.25.2\u201c _module_preset=\u201edefault\u201c][et_pb_column _builder_version=\u201e4.25.2\u201c _module_preset=\u201edefault\u201c type=\u201e4_4\u201c][dsm_button button_one_text=\u201eKommentare und Reak\u00adtionen\u201c button_one_url=\u201ehttps:\/\/synagoge-siegen.de\/de\/die-virtuelle-rekonstruktion-der-siegener-synagoge\/feedback-und-kommentare\u201c button_two_text=\u201eHintergrundinfos zum Projekt\u201c button_two_url=\u201ehttps:\/\/synagoge-siegen.de\/de\/die-virtuelle-rekonstruktion-der-siegener-synagoge\u201c button_alignment=\u201ecenter\u201c fullwidth_separator_text_on_mobile=\u201eon\u201c _builder_version=\u201e4.16\u201c _module_preset=\u201edefault\u201c background_layout=\u201edark\u201c global_colors_info=\u201c{}\u201c][\/dsm_button][\/et_pb_column][\/et_pb_row][\/et_pb_section][et_pb_section fb_built=\u201e1\u201c _builder_version=\u201e4.16\u201c _module_preset=\u201edefault\u201c background_color=\u201e#f2f2f2\u201c global_colors_info=\u201c{}\u201c][et_pb_row column_structure=\u201e1_4,3_4\u201c _builder_version=\u201e4.16\u201c _module_preset=\u201edefault\u201c global_colors_info=\u201c{}\u201c][et_pb_column type=\u201e1_4\u201c _builder_version=\u201e4.16\u201c _module_preset=\u201edefault\u201c global_colors_info=\u201c{}\u201c][et_pb_image src=\u201ehttps:\/\/synagoge-siegen.de\/wp-content\/uploads\/2021\/05\/icon__syngoge.png\u201c title_text=\u201eicon__syngoge\u201c _builder_version=\u201e4.16\u201c _module_preset=\u201edefault\u201c max_width=\u201e25vw\u201c filter_opacity=\u201e70%\u201c mix_blend_mode=\u201emultiply\u201c global_colors_info=\u201c{}\u201c][\/et_pb_image][\/et_pb_column][et_pb_column type=\u201e3_4\u201c _builder_version=\u201e4.16\u201c _module_preset=\u201edefault\u201c global_colors_info=\u201c{}\u201c][et_pb_text _builder_version=\u201e4.16\u201c _module_preset=\u201edefault\u201c text_font=\u201c|300|||||||\u201c text_text_color=\u201e#134063\u201c text_line_height=\u201e1.4em\u201c background_enable_color=\u201eoff\u201c text_font_size_tablet=\u201c\u201c text_font_size_phone=\u201e16px\u201c text_font_size_last_edited=\u201eon|phone\u201c global_colors_info=\u201c{}\u201c]<\/p>\n<p>Zum Gedenken an die Reichs\u00adpo\u00adgrom\u00adnacht lassen die Multi\u00admedia-K\u00fcnst\u00adlerin Gabriela von Seltmann und ihr inter\u00adna\u00adtio\u00adnales Team die <strong>Siegener Synagoge<\/strong> auferstehen.<\/p>\n<p>In einer animierten <strong>Video- und Klang-Instal\u00adla\u00adtion<\/strong> erhebt sich die am 10.&nbsp;November 1938 nieder\u00adgebrannte Synagoge aus den Tr\u00fcmmern und erscheint an der Au\u00dfenwand des Hoch\u00adbunkers (Aktives Museum S\u00fcdwest\u00adfalen) in ihrer einstigen Gestalt. Das 1904 einge\u00adweihte Zentrum der Sieger\u00adl\u00e4nder Juden kehrt zur\u00fcck in das Ged\u00e4chtnis der&nbsp;Stadt.<\/p>\n<p>[\/et_pb_text][et_pb_video src=\u201ehttps:\/\/synagoge-siegen.de\/wp-content\/uploads\/Synagoge-Siegen_09-11\u20132011.mov\u201c _builder_version=\u201e4.16\u201c _module_preset=\u201edefault\u201c global_colors_info=\u201c{}\u201c][\/et_pb_video][et_pb_text admin_label=\u201eCopy\u201c _builder_version=\u201e4.16\u201c _module_preset=\u201edefault\u201c text_font=\u201eMiriam Libre|300|||||||\u201c text_text_color=\u201ergba(0,0,0,0.59)\u201c text_font_size=\u201e0.4em\u201c text_letter_spacing=\u201e1px\u201c text_line_height=\u201e1.4em\u201c header_text_align=\u201eleft\u201c header_6_font=\u201c||||||||\u201c header_6_text_align=\u201eleft\u201c header_6_text_color=\u201ergba(255,255,255,0.66)\u201c header_6_font_size=\u201e0.7em\u201c header_6_letter_spacing=\u201e1px\u201c header_6_line_height=\u201e1.2em\u201c custom_margin=\u201e0px||||false|false\u201c custom_padding=\u201e0px||||false|false\u201c header_6_font_size_tablet=\u201c\u201c header_6_font_size_phone=\u201e10pt\u201c header_6_font_size_last_edited=\u201eon|phone\u201c global_colors_info=\u201c{}\u201c]<\/p>\n<p style=\"text-align: right;\">Droh\u00adnen\u00adauf\u00adnahmen: Antonia &amp; Markus Ermert \u2013 <a href=\"https:\/\/renderhouse.de\/\" target=\"_blank\" rel=\"nofollow noopener\">renderhouse.de<\/a><\/p>\n<p>[\/et_pb_text][et_pb_text _builder_version=\u201e4.16\u201c _module_preset=\u201edefault\u201c text_font=\u201c|300|||||||\u201c text_text_color=\u201e#134063\u201c text_line_height=\u201e1.4em\u201c background_enable_color=\u201eoff\u201c text_font_size_tablet=\u201c\u201c text_font_size_phone=\u201e16px\u201c text_font_size_last_edited=\u201eon|phone\u201c global_colors_info=\u201c{}\u201c]<\/p>\n<p>Zugleich wird bei der <strong>Open-Air-Veran\u00adstal\u00adtung<\/strong> die 2018 urauf\u00adge\u00adf\u00fchrte virtuelle Rekon\u00adstruk\u00adtion der Gro\u00dfen Synagoge Warschau gezeigt \u2013 als grenz\u00ad\u00fcber\u00adgrei\u00adfendes Zeichen daf\u00fcr, dass Tod und Zerst\u00f6\u00adrung durch Erin\u00adne\u00adrung, Vers\u00f6h\u00adnung und Liebe \u00fcber\u00adwunden werden k\u00f6nnen. Das 1878 erbaute Wahr\u00adzei\u00adchen des einst bl\u00fchenden j\u00fcdischen Lebens in Warschau war am 16. Mai 1943 von der SS gesprengt worden. Das Warschauer Ghetto steht \u2013 neben Auschwitz \u2013 als Symbol f\u00fcr die Vernich\u00adtung des euro\u00adp\u00e4i\u00adschen Judentums durch die Deutschen. In Warschau war vor der Schoah mit \u00fcber 300.000 Mitglieder die gr\u00f6\u00dfte j\u00fcdische Gemeinde Europas beheimatet.<\/p>\n<p>Die Univer\u00adsi\u00adt\u00e4ts- und Indus\u00adtrie\u00adstadt Siegen z\u00e4hlt rund 100.000 Einwohner und liegt etwa 130&nbsp;Kilometer n\u00f6rdlich von Frankfurt (Main) und 90&nbsp;Kilometer \u00f6stlich von K\u00f6ln. Der Kreis Siegen-Witt\u00adgen\u00adstein ist seit 1973 durch eine <strong>offi\u00adzi\u00adelle Part\u00adner\u00adschaft<\/strong> eng verbunden mit dem Kreis Emek&nbsp;Hefer in Israel. Bei der Part\u00adner\u00adschaft handelt es sich um die erste offi\u00adzi\u00adelle Kreis\u00adpart\u00adner\u00adschaft zwischen Deutsch\u00adland und Israel.<\/p>\n<p>[\/et_pb_text][dsm_button button_one_text=\u201eDetails zur virtu\u00adellen Rekon\u00adstruk\u00adtion  \u201c button_one_url=\u201ehttps:\/\/synagoge-siegen.de\/de\/die-virtuelle-rekonstruktion-der-siegener-synagoge\u201c button_two_text=\u201eMedien-Echo\u201c button_two_url=\u201c@ET-DC@eyJkeW5hbWljIjp0cnVlLCJjb250ZW50IjoicG9zdF9saW5rX3VybF9wYWdlIiwic2V0dGluZ3MiOnsicG9zdF9pZCI6IjUxMjE5In19@\u201c _builder_version=\u201e4.16\u201c _dynamic_attributes=\u201ebutton_two_url\u201c _module_preset=\u201edefault\u201c global_colors_info=\u201c{}\u201c][\/dsm_button][\/et_pb_column][\/et_pb_row][et_pb_row column_structure=\u201e1_4,1_2,1_4\u201c _builder_version=\u201e4.16\u201c _module_preset=\u201edefault\u201c global_colors_info=\u201c{}\u201c][et_pb_column type=\u201e1_4\u201c _builder_version=\u201e4.16\u201c _module_preset=\u201edefault\u201c global_colors_info=\u201c{}\u201c][\/et_pb_column][et_pb_column type=\u201e1_2\u201c _builder_version=\u201e4.16\u201c _module_preset=\u201edefault\u201c global_colors_info=\u201c{}\u201c][et_pb_image src=\u201ehttps:\/\/synagoge-siegen.de\/wp-content\/uploads\/flyer-synagoge-siegen_09-11\u20132021.jpg\u201c alt=\u201eFaltblatt Siegener Synagoge\u201c title_text=\u201eFaltblatt Siegener Synagoge\u201c url=\u201ehttps:\/\/synagoge-siegen.de\/wp-content\/uploads\/Synagoge-Siegen__Faltblatt_11-2021.pdf\u201c url_new_window=\u201eon\u201c use_overlay=\u201eon\u201c overlay_icon_color=\u201c#ffffff\u201c hover_overlay_color=\u201ergba(0,0,0,0.18)\u201c hover_icon=\u201e\ue02b||divi||400\u201c _builder_version=\u201e4.16\u201c _module_preset=\u201edefault\u201c max_width=\u201e25vw\u201c max_width_tablet=\u201e25vw\u201c max_width_phone=\u201e355px\u201c max_width_last_edited=\u201eon|phone\u201c filter_opacity=\u201e70%\u201c mix_blend_mode=\u201emultiply\u201c animation_style=\u201efade\u201c border_radii=\u201eon|3px|3px|3px|3px\u201c border_width_all=\u201e3px\u201c border_color_all=\u201c#FFFFFF\u201c global_colors_info=\u201c{}\u201c][\/et_pb_image][et_pb_button button_url=\u201ehttps:\/\/synagoge-siegen.de\/wp-content\/uploads\/Synagoge-Siegen__Faltblatt_11-2021.pdf\u201c url_new_window=\u201eon\u201c button_text=\u201eFlyer zur Veran\u00adstal\u00adtung (PDF)\u201c _builder_version=\u201e4.16\u201c _module_preset=\u201edefault\u201c custom_button=\u201eon\u201c button_icon=\u201e\ue02b||divi||400\u201c global_colors_info=\u201c{}\u201c][\/et_pb_button][\/et_pb_column][et_pb_column type=\u201e1_4\u201c _builder_version=\u201e4.16\u201c _module_preset=\u201edefault\u201c global_colors_info=\u201c{}\u201c][\/et_pb_column][\/et_pb_row][\/et_pb_section][et_pb_section fb_built=\u201e1\u201c _builder_version=\u201e4.16\u201c _module_preset=\u201edefault\u201c background_color=\u201e#b9a885\u201c use_background_color_gradient=\u201eon\u201c background_color_gradient_type=\u201ecircular\u201c background_color_gradient_stops=\u201c#b9a885 0%|#ba9c66 100%\u201c background_color_gradient_start=\u201e#b9a885\u201c background_color_gradient_end=\u201e#ba9c66\u201c global_colors_info=\u201c{}\u201c][et_pb_row _builder_version=\u201e4.16\u201c _module_preset=\u201edefault\u201c global_colors_info=\u201c{}\u201c][et_pb_column type=\u201e4_4\u201c _builder_version=\u201e4.16\u201c _module_preset=\u201edefault\u201c global_colors_info=\u201c{}\u201c][et_pb_text _builder_version=\u201e4.16\u201c _module_preset=\u201edefault\u201c text_font=\u201c|300|||||||\u201c text_text_color=\u201c#FFFFFF\u201c text_font_size=\u201e48px\u201c text_line_height=\u201e1.3em\u201c header_4_font=\u201c|300|||||||\u201c background_enable_color=\u201eoff\u201c background_layout=\u201edark\u201c custom_padding=\u201e1em|1em|1em|1em|true|true\u201c text_font_size_tablet=\u201e36px\u201c text_font_size_phone=\u201e18px\u201c text_font_size_last_edited=\u201eon|phone\u201c global_colors_info=\u201c{}\u201c]<\/p>\n<p style=\"text-align: center;\">\u201eNur wenn der offene Umgang mit der Vergan\u00adgen\u00adheit gelingt, kann es zu einem Prozess des gegen\u00adsei\u00adtigen Verste\u00adhens kommen und damit zu einem fried\u00adli\u00adchen Mitein\u00adander in Gegenwart und Zukunft.<\/p>\n<p style=\"text-align: center;\">Tod und Zerst\u00f6\u00adrung d\u00fcrfen nicht das letzte Wort behalten!<\/p>\n<p style=\"text-align: center;\">Durch Erin\u00adne\u00adrung, Vers\u00f6h\u00adnung, Hoffnung und Liebe k\u00f6nnen wir Tod und Zerst\u00f6\u00adrung \u00fcberwinden.\u201c<\/p>\n<p>[\/et_pb_text][et_pb_text _builder_version=\u201e4.16\u201c _module_preset=\u201edefault\u201c text_font=\u201c|||on|||||\u201c text_text_color=\u201c#FFFFFF\u201c text_letter_spacing=\u201e2px\u201c text_line_height=\u201e1.4em\u201c header_4_font=\u201c|300|||||||\u201c background_enable_color=\u201eoff\u201c background_layout=\u201edark\u201c custom_padding=\u201e1em|1em|1em|1em|true|true\u201c text_font_size_tablet=\u201e18px\u201c text_font_size_phone=\u201e14px\u201c text_font_size_last_edited=\u201eon|phone\u201c global_colors_info=\u201c{}\u201c]<\/p>\n<p style=\"text-align: center;\">Gabriela von Seltmann<\/p>\n<p>[\/et_pb_text][\/et_pb_column][\/et_pb_row][\/et_pb_section][et_pb_section fb_built=\u201e1\u201c admin_label=\u201eMaking Of\u201c _builder_version=\u201e4.16\u201c _module_preset=\u201edefault\u201c background_color=\u201c#4f666b\u201c link_option_url=\u201ehttps:\/\/youtu.be\/1U7feKSJeg8\u201c global_colors_info=\u201c{}\u201c][et_pb_row _builder_version=\u201e4.16\u201c _module_preset=\u201edefault\u201c global_colors_info=\u201c{}\u201c][et_pb_column type=\u201e4_4\u201c _builder_version=\u201e4.16\u201c _module_preset=\u201edefault\u201c global_colors_info=\u201c{}\u201c][et_pb_text admin_label=\u201eMaking-of-Video\u201c _builder_version=\u201e4.16\u201c _module_preset=\u201edefault\u201c text_font=\u201eMiriam Libre||||||||\u201c text_text_color=\u201c#FFFFFF\u201c header_3_font=\u201c|300|||||||\u201c header_4_font=\u201c|300|||||||\u201c header_4_text_align=\u201ecenter\u201c text_orientation=\u201ecenter\u201c background_layout=\u201edark\u201c link_option_url=\u201ehttps:\/\/youtu.be\/yLvkfbA0950\u201c link_option_url_new_window=\u201eon\u201c header_4_font_size_tablet=\u201c\u201c header_4_font_size_phone=\u201e14px\u201c header_4_font_size_last_edited=\u201eon|phone\u201c global_colors_info=\u201c{}\u201c]<\/p>\n<h4>Blick hinter die <a title=\"Kulisse (B\u00fchne)\" href=\"https:\/\/de.wikipedia.org\/wiki\/Kulisse_(B%C3%BChne)\" rel=\"nofollow noopener\" target=\"_blank\">Kulissen<\/a>: Virtuelle Rekonstruktion der Siegener Synagoge (Making of)<\/h4>\n<p>[\/et_pb_text][\/et_pb_column][\/et_pb_row][et_pb_row column_structure=\u201e1_5,3_5,1_5\u201c _builder_version=\u201e4.16\u201c _module_preset=\u201edefault\u201c global_colors_info=\u201c{}\u201c][et_pb_column type=\u201e1_5\u201c _builder_version=\u201e4.16\u201c _module_preset=\u201edefault\u201c global_colors_info=\u201c{}\u201c][\/et_pb_column][et_pb_column type=\u201e3_5\u201c _builder_version=\u201e4.16\u201c _module_preset=\u201edefault\u201c global_colors_info=\u201c{}\u201c][et_pb_video src=\u201ehttps:\/\/www.youtube.com\/watch?v=1U7feKSJeg8\u201c admin_label=\u201eMaking-of-Video\u201c _builder_version=\u201e4.16\u201c _module_preset=\u201edefault\u201c module_alignment=\u201ecenter\u201c animation_style=\u201efade\u201c db_limit_youtube_related_videos_to_same_channel=\u201eon\u201c global_colors_info=\u201c{}\u201c][\/et_pb_video][\/et_pb_column][et_pb_column type=\u201e1_5\u201c _builder_version=\u201e4.16\u201c _module_preset=\u201edefault\u201c global_colors_info=\u201c{}\u201c][\/et_pb_column][\/et_pb_row][\/et_pb_section][et_pb_section fb_built=\u201e1\u201c fullwidth=\u201eon\u201c disabled_on=\u201eoff|off|off\u201c _builder_version=\u201e4.16\u201c _module_preset=\u201edefault\u201c collapsed=\u201eoff\u201c global_colors_info=\u201c{}\u201c][et_pb_fullwidth_image src=\u201ehttps:\/\/synagoge-siegen.de\/wp-content\/uploads\/Synagoge-Siegen___Start.jpg\u201c alt=\u201eSynagoge Siegen\u201c title_text=\u201eSynagoge Siegen\u201c url=\u201c#info\u201c _builder_version=\u201e4.16\u201c _module_preset=\u201edefault\u201c global_colors_info=\u201c{}\u201c][\/et_pb_fullwidth_image][\/et_pb_section][et_pb_section fb_built=\u201e1\u201c disabled_on=\u201eoff|off|off\u201c _builder_version=\u201e4.16\u201c _module_preset=\u201edefault\u201c background_color=\u201e#565e64\u201c custom_margin=\u201e0px||0px||true|false\u201c custom_padding=\u201e0px||0px||true|false\u201c global_colors_info=\u201c{}\u201c][et_pb_row column_structure=\u201e1_2,1_2\u201c _builder_version=\u201e4.16\u201c _module_preset=\u201edefault\u201c global_colors_info=\u201c{}\u201c][et_pb_column type=\u201e1_2\u201c _builder_version=\u201e4.16\u201c _module_preset=\u201edefault\u201c global_colors_info=\u201c{}\u201c][\/et_pb_column][et_pb_column type=\u201e1_2\u201c _builder_version=\u201e4.16\u201c _module_preset=\u201edefault\u201c global_colors_info=\u201c{}\u201c][et_pb_text admin_label=\u201eBildunterschrift\u201c _builder_version=\u201e4.16\u201c _module_preset=\u201edefault\u201c text_font=\u201c|300|||||||\u201c header_text_align=\u201eleft\u201c header_6_font=\u201c||||||||\u201c header_6_text_align=\u201eleft\u201c header_6_text_color=\u201ergba(255,255,255,0.66)\u201c header_6_font_size=\u201e0.7em\u201c header_6_letter_spacing=\u201e1px\u201c header_6_line_height=\u201e1.2em\u201c custom_margin=\u201c||0px||false|false\u201c header_6_font_size_tablet=\u201c\u201c header_6_font_size_phone=\u201e10pt\u201c header_6_font_size_last_edited=\u201eon|phone\u201c global_colors_info=\u201c{}\u201c]<\/p>\n<h6>Die Collage zeigt die Siegener Synagoge bei ihrer Zerst\u00f6rung am 10.&nbsp;November&nbsp;1938, beim Richtfest am 15.&nbsp;Oktober&nbsp;1903 und nach ihrer Einweihung am 22.&nbsp;Juli&nbsp;1904.<\/h6>\n<p>[\/et_pb_text][et_pb_text admin_label=\u201eCopy\u201c _builder_version=\u201e4.16\u201c _module_preset=\u201edefault\u201c text_font=\u201eMiriam Libre|300|||||||\u201c text_text_color=\u201c#FFFFFF\u201c text_font_size=\u201e0.4em\u201c text_letter_spacing=\u201e1px\u201c text_line_height=\u201e1.4em\u201c header_text_align=\u201eleft\u201c header_6_font=\u201c||||||||\u201c header_6_text_align=\u201eleft\u201c header_6_text_color=\u201ergba(255,255,255,0.66)\u201c header_6_font_size=\u201e0.7em\u201c header_6_letter_spacing=\u201e1px\u201c header_6_line_height=\u201e1.2em\u201c custom_margin=\u201e0px||||false|false\u201c custom_padding=\u201e0px||||false|false\u201c header_6_font_size_tablet=\u201c\u201c header_6_font_size_phone=\u201e10pt\u201c header_6_font_size_last_edited=\u201eon|phone\u201c global_colors_info=\u201c{}\u201c]<\/p>\n<p style=\"text-align: right;\">Collage von Gabriela von Seltmann und Popesz Csaba L\u00e1ng mit histo\u00adri\u00adschen Fotos aus dem Bestand des Sieger\u00adl\u00e4nder Heimat- und Geschichts\u00adver\u00adeins und des Aktiven Museum S\u00fcdwestfalen.<\/p>\n<p>[\/et_pb_text][\/et_pb_column][\/et_pb_row][\/et_pb_section]<\/p>\n","protected":false},"excerpt":{"rendered":"<p>Die Gesell\u00adschaft f\u00fcr Christ\u00adlich-J\u00fcdische Zusammen\u00adarbeit Sieger\u00adland&nbsp;e.V.pr\u00e4sentiert am 9.&nbsp;November 2021 im Rahmen des Jubil\u00e4umsjahres\u201e1700 Jahre j\u00fcdisches Leben in Deutsch\u00adland\u201c dieVir\u00adtu\u00adelle Rekon\u00adstruk\u00adtion der Siegener&nbsp;Synago\u00adgeOrt: Au\u00dfenwand des Bunkers (Aktives Museum S\u00fcdwest\u00adfalen), Ober\u00adgraben 10, Siegen\u00adZeit: Dienstag, 9.&nbsp;November 2021, 18:00\u201321:30 UhrVideo: Virtuelle Rekon\u00adstruk\u00adtion der Siegener Synagoge<\/p><div class=\"et_pb_module dsm_button dsm_button_0 et_pb_bg_layout_light\">\n\t\t\t\t\n\t\t\t\t\n\t\t\t\t\n\t\t\t\t\n\t\t\t\t\n\t\t\t\t\n\t\t\t\t<div class=\"et_pb_module_inner\">\n\t\t\t\t\t<div class=\"et_pb_button_module_wrappers dsm_button_0_wrapper et_pb_button_alignment_center et_pb_module\">\n\t\t\t\t<a class=\"et_pb_button et_pb_button_one et_pb_bg_layout_light dsm-none \" href=\"https:\/\/synagoge-siegen.de\/de\/die-virtuelle-rekonstruktion-der-siegener-synagoge\/feedback-und-kommentare\" data-dsm-lightbox-id=\"dsm_button_one_lightbox dsm_button_0\"><span>Kommen\u00adtare und Reak\u00adtionen<\/span><\/a><a class=\"et_pb_button et_pb_button_two et_pb_bg_layout_light dsm-none \" href=\"https:\/\/synagoge-siegen.de\/de\/die-virtuelle-rekonstruktion-der-siegener-synagoge\" data-dsm-lightbox-id=\"dsm_button_two_lightbox dsm_button_0\"><span>Hinter\u00adgrund\u00adinfos zum Projekt<\/span><\/a>\n\t\t\t<\/div>\n\t\t\t\t<\/div>\n\t\t\t<\/div>\n","protected":false},"author":2,"featured_media":0,"parent":0,"menu_order":1,"comment_status":"closed","ping_status":"closed","template":"","meta":{"_et_pb_use_builder":"on","_et_pb_old_content":"","_et_gb_content_width":"","wp_typography_post_enhancements_disabled":false,"footnotes":""},"class_list":["post-71","page","type-page","status-publish","hentry"],"_links":{"self":[{"href":"https:\/\/synagoge-siegen.de\/de\/wp-json\/wp\/v2\/pages\/71","targetHints":{"allow":["GET"]}}],"collection":[{"href":"https:\/\/synagoge-siegen.de\/de\/wp-json\/wp\/v2\/pages"}],"about":[{"href":"https:\/\/synagoge-siegen.de\/de\/wp-json\/wp\/v2\/types\/page"}],"author":[{"embeddable":true,"href":"https:\/\/synagoge-siegen.de\/de\/wp-json\/wp\/v2\/users\/2"}],"replies":[{"embeddable":true,"href":"https:\/\/synagoge-siegen.de\/de\/wp-json\/wp\/v2\/comments?post=71"}],"version-history":[{"count":3,"href":"https:\/\/synagoge-siegen.de\/de\/wp-json\/wp\/v2\/pages\/71\/revisions"}],"predecessor-version":[{"id":51332,"href":"https:\/\/synagoge-siegen.de\/de\/wp-json\/wp\/v2\/pages\/71\/revisions\/51332"}],"wp:attachment":[{"href":"https:\/\/synagoge-siegen.de\/de\/wp-json\/wp\/v2\/media?parent=71"}],"curies":[{"name":"wp","href":"https:\/\/api.w.org\/{rel}","templated":true}]}}